{"id":14904,"date":"2026-05-07T13:55:51","date_gmt":"2026-05-07T11:55:51","guid":{"rendered":"https:\/\/esentialaroms.com\/productos\/esentialdiffuser-difusor-de-aceites-esenciales-con-cromoterapia-2\/"},"modified":"2026-05-07T14:23:17","modified_gmt":"2026-05-07T12:23:17","slug":"esentialdiffuser-difusor-de-aceites-esenciales-con-cromoterapia-2","status":"publish","type":"product","link":"https:\/\/esentialaroms.com\/pt-pt\/productos\/esentialdiffuser-difusor-de-aceites-esenciales-con-cromoterapia-2\/","title":{"rendered":"ESENTIAL&#8217;DIFFUSER difusor de \u00f3leos essenciais com cromoterapia"},"content":{"rendered":"<div>APROVEITE A PSICO-AROMATERAPIA CIENT\u00cdFICA EM CASA. &nbsp;<\/div>\n<div>O ESENTIAL&#8217;DIFFUSER difusor de \u00f3leos essenciais permite difundir as mol\u00e9culas arom\u00e1ticas de um \u00f3leo essencial ou mistura atrav\u00e9s do ar, favorecendo a sua volatilidade de forma natural. Este m\u00e9todo de difus\u00e3o nunca aquece o \u00f3leo essencial, o que poderia alterar as suas propriedades. Imagine-se caminhado por um campo de lavanda ou por um prado alpino&#8230; Ligue-se com a natureza mais pura de sua casa e&#8230; aproveite o bem-estar! &nbsp;<\/div>\n","protected":false},"excerpt":{"rendered":"<div>Difunde as mol\u00e9culas arom\u00e1ticas de um \u00f3leo essencial ou mistura atrav\u00e9s do ar favorecendo a sua volatilidade de forma natural. &nbsp;<\/div>\n","protected":false},"featured_media":14905,"comment_status":"open","ping_status":"closed","template":"","meta":{"_acf_changed":false,"rs_blank_template":"","rs_page_bg_color":"","slide_template_v7":""},"product_brand":[],"product_cat":[308,317,368,365,341],"product_tag":[],"class_list":{"0":"post-14904","1":"product","2":"type-product","3":"status-publish","4":"has-post-thumbnail","6":"product_cat-aromaterapia","7":"product_cat-esential-diffusion-sinergias-aromaticas","8":"product_cat-massagem-anti-stress-e-anti-fadiga","9":"product_cat-massagens-terapeuticas","10":"product_cat-precisa","12":"first","13":"instock","14":"shipping-taxable","15":"purchasable","16":"product-type-simple"},"acf":[],"_links":{"self":[{"href":"https:\/\/esentialaroms.com\/pt-pt\/wp-json\/wp\/v2\/product\/14904","targetHints":{"allow":["GET"]}}],"collection":[{"href":"https:\/\/esentialaroms.com\/pt-pt\/wp-json\/wp\/v2\/product"}],"about":[{"href":"https:\/\/esentialaroms.com\/pt-pt\/wp-json\/wp\/v2\/types\/product"}],"replies":[{"embeddable":true,"href":"https:\/\/esentialaroms.com\/pt-pt\/wp-json\/wp\/v2\/comments?post=14904"}],"version-history":[{"count":1,"href":"https:\/\/esentialaroms.com\/pt-pt\/wp-json\/wp\/v2\/product\/14904\/revisions"}],"predecessor-version":[{"id":14907,"href":"https:\/\/esentialaroms.com\/pt-pt\/wp-json\/wp\/v2\/product\/14904\/revisions\/14907"}],"wp:featuredmedia":[{"embeddable":true,"href":"https:\/\/esentialaroms.com\/pt-pt\/wp-json\/wp\/v2\/media\/14905"}],"wp:attachment":[{"href":"https:\/\/esentialaroms.com\/pt-pt\/wp-json\/wp\/v2\/media?parent=14904"}],"wp:term":[{"taxonomy":"product_brand","embeddable":true,"href":"https:\/\/esentialaroms.com\/pt-pt\/wp-json\/wp\/v2\/product_brand?post=14904"},{"taxonomy":"product_cat","embeddable":true,"href":"https:\/\/esentialaroms.com\/pt-pt\/wp-json\/wp\/v2\/product_cat?post=14904"},{"taxonomy":"product_tag","embeddable":true,"href":"https:\/\/esentialaroms.com\/pt-pt\/wp-json\/wp\/v2\/product_tag?post=14904"}],"curies":[{"name":"wp","href":"https:\/\/api.w.org\/{rel}","templated":true}]}}