{"id":14889,"date":"2026-05-07T13:55:48","date_gmt":"2026-05-07T11:55:48","guid":{"rendered":"https:\/\/esentialaroms.com\/productos\/esentialmama-cuidado-del-pezon-2\/"},"modified":"2026-05-07T14:23:17","modified_gmt":"2026-05-07T12:23:17","slug":"esentialmama-cuidado-del-pezon-2","status":"publish","type":"product","link":"https:\/\/esentialaroms.com\/pt-pt\/productos\/esentialmama-cuidado-del-pezon-2\/","title":{"rendered":"Esential&#8217;Mama CUIDADO DO MAMILO"},"content":{"rendered":"","protected":false},"excerpt":{"rendered":"<div>F\u00f3rmula desenhada para hidratar e reparar os mamilos. Al\u00e9m disso, ajuda progressivamente a dar elasticidade e prevenir rasg\u00f5es na pele. &nbsp;<\/div>\n","protected":false},"featured_media":14890,"comment_status":"open","ping_status":"closed","template":"","meta":{"_acf_changed":false,"rs_blank_template":"","rs_page_bg_color":"","slide_template_v7":""},"product_brand":[],"product_cat":[323,530,474,537,341],"product_tag":[],"class_list":{"0":"post-14889","1":"product","2":"type-product","3":"status-publish","4":"has-post-thumbnail","6":"product_cat-familias","7":"product_cat-mama-baby","9":"product_cat-pos-gravidez-e-amamentacao","10":"product_cat-precisa","12":"first","13":"instock","14":"shipping-taxable","15":"purchasable","16":"product-type-simple"},"acf":[],"_links":{"self":[{"href":"https:\/\/esentialaroms.com\/pt-pt\/wp-json\/wp\/v2\/product\/14889","targetHints":{"allow":["GET"]}}],"collection":[{"href":"https:\/\/esentialaroms.com\/pt-pt\/wp-json\/wp\/v2\/product"}],"about":[{"href":"https:\/\/esentialaroms.com\/pt-pt\/wp-json\/wp\/v2\/types\/product"}],"replies":[{"embeddable":true,"href":"https:\/\/esentialaroms.com\/pt-pt\/wp-json\/wp\/v2\/comments?post=14889"}],"version-history":[{"count":1,"href":"https:\/\/esentialaroms.com\/pt-pt\/wp-json\/wp\/v2\/product\/14889\/revisions"}],"predecessor-version":[{"id":14892,"href":"https:\/\/esentialaroms.com\/pt-pt\/wp-json\/wp\/v2\/product\/14889\/revisions\/14892"}],"wp:featuredmedia":[{"embeddable":true,"href":"https:\/\/esentialaroms.com\/pt-pt\/wp-json\/wp\/v2\/media\/14890"}],"wp:attachment":[{"href":"https:\/\/esentialaroms.com\/pt-pt\/wp-json\/wp\/v2\/media?parent=14889"}],"wp:term":[{"taxonomy":"product_brand","embeddable":true,"href":"https:\/\/esentialaroms.com\/pt-pt\/wp-json\/wp\/v2\/product_brand?post=14889"},{"taxonomy":"product_cat","embeddable":true,"href":"https:\/\/esentialaroms.com\/pt-pt\/wp-json\/wp\/v2\/product_cat?post=14889"},{"taxonomy":"product_tag","embeddable":true,"href":"https:\/\/esentialaroms.com\/pt-pt\/wp-json\/wp\/v2\/product_tag?post=14889"}],"curies":[{"name":"wp","href":"https:\/\/api.w.org\/{rel}","templated":true}]}}