{"id":14874,"date":"2026-05-07T13:55:44","date_gmt":"2026-05-07T11:55:44","guid":{"rendered":"https:\/\/esentialaroms.com\/productos\/esentialmama-locion-de-masaje-perineal-2\/"},"modified":"2026-05-07T14:23:16","modified_gmt":"2026-05-07T12:23:16","slug":"esentialmama-locion-de-masaje-perineal-2","status":"publish","type":"product","link":"https:\/\/esentialaroms.com\/pt-pt\/productos\/esentialmama-locion-de-masaje-perineal-2\/","title":{"rendered":"Esential&#8217;Mama LO\u00c7\u00c3O DE MASSAGEM PERINEAL"},"content":{"rendered":"","protected":false},"excerpt":{"rendered":"<div>Ajuda a aumentar a elasticidade da pele respeitando o seu pH. F\u00f3rmula natural para fazer uma massagem perineal e favorecer a elasticidade do per\u00edneo. Efic\u00e1cia basada nas propriedades dos \u00f3leos virgens de rosa mosqueta e baob\u00e1. &nbsp;<\/div>\n","protected":false},"featured_media":14875,"comment_status":"open","ping_status":"closed","template":"","meta":{"_acf_changed":false,"rs_blank_template":"","rs_page_bg_color":"","slide_template_v7":""},"product_brand":[],"product_cat":[323,474,530,537,341],"product_tag":[],"class_list":{"0":"post-14874","1":"product","2":"type-product","3":"status-publish","4":"has-post-thumbnail","6":"product_cat-familias","7":"product_cat-mama-baby","9":"product_cat-pos-gravidez-e-amamentacao","10":"product_cat-precisa","12":"first","13":"instock","14":"shipping-taxable","15":"purchasable","16":"product-type-simple"},"acf":[],"_links":{"self":[{"href":"https:\/\/esentialaroms.com\/pt-pt\/wp-json\/wp\/v2\/product\/14874","targetHints":{"allow":["GET"]}}],"collection":[{"href":"https:\/\/esentialaroms.com\/pt-pt\/wp-json\/wp\/v2\/product"}],"about":[{"href":"https:\/\/esentialaroms.com\/pt-pt\/wp-json\/wp\/v2\/types\/product"}],"replies":[{"embeddable":true,"href":"https:\/\/esentialaroms.com\/pt-pt\/wp-json\/wp\/v2\/comments?post=14874"}],"version-history":[{"count":1,"href":"https:\/\/esentialaroms.com\/pt-pt\/wp-json\/wp\/v2\/product\/14874\/revisions"}],"predecessor-version":[{"id":14877,"href":"https:\/\/esentialaroms.com\/pt-pt\/wp-json\/wp\/v2\/product\/14874\/revisions\/14877"}],"wp:featuredmedia":[{"embeddable":true,"href":"https:\/\/esentialaroms.com\/pt-pt\/wp-json\/wp\/v2\/media\/14875"}],"wp:attachment":[{"href":"https:\/\/esentialaroms.com\/pt-pt\/wp-json\/wp\/v2\/media?parent=14874"}],"wp:term":[{"taxonomy":"product_brand","embeddable":true,"href":"https:\/\/esentialaroms.com\/pt-pt\/wp-json\/wp\/v2\/product_brand?post=14874"},{"taxonomy":"product_cat","embeddable":true,"href":"https:\/\/esentialaroms.com\/pt-pt\/wp-json\/wp\/v2\/product_cat?post=14874"},{"taxonomy":"product_tag","embeddable":true,"href":"https:\/\/esentialaroms.com\/pt-pt\/wp-json\/wp\/v2\/product_tag?post=14874"}],"curies":[{"name":"wp","href":"https:\/\/api.w.org\/{rel}","templated":true}]}}