{"id":14859,"date":"2026-05-07T13:55:41","date_gmt":"2026-05-07T11:55:41","guid":{"rendered":"https:\/\/esentialaroms.com\/productos\/esentialmama-aceite-estrias-2\/"},"modified":"2026-05-07T14:23:16","modified_gmt":"2026-05-07T12:23:16","slug":"esentialmama-aceite-estrias-2","status":"publish","type":"product","link":"https:\/\/esentialaroms.com\/pt-pt\/productos\/esentialmama-aceite-estrias-2\/","title":{"rendered":"Esential&#8217;Mama \u00d3LEO ESTRIAS"},"content":{"rendered":"","protected":false},"excerpt":{"rendered":"<div>Lo\u00e7\u00e3o corporal com \u00f3leos virgens de baob\u00e1, jojoba, borragem e rosa mosqueta. Proporciona \u00e1cidos gordos essenciais O-3, O-6 et O-9 e cont\u00e9m, al\u00e9m disso, extrato de alga Alaria esculenta (protetora de fibras de colag\u00e9nio e elastina), que coere e mant\u00e9m firme a rede de fibras da derme, e \u00f3leo de margarida (p\u00e2querette), de propriedades reestruturadoras. &nbsp;<\/div>\n","protected":false},"featured_media":14860,"comment_status":"open","ping_status":"closed","template":"","meta":{"_acf_changed":false,"rs_blank_template":"","rs_page_bg_color":"","slide_template_v7":""},"product_brand":[],"product_cat":[504,507,323,530,474,537,341],"product_tag":[],"class_list":{"0":"post-14859","1":"product","2":"type-product","3":"status-publish","4":"has-post-thumbnail","6":"product_cat-corporalmente","7":"product_cat-cuidados-com-o-corpo","8":"product_cat-familias","9":"product_cat-mama-baby","11":"product_cat-pos-gravidez-e-amamentacao","12":"product_cat-precisa","14":"first","15":"instock","16":"shipping-taxable","17":"purchasable","18":"product-type-simple"},"acf":[],"_links":{"self":[{"href":"https:\/\/esentialaroms.com\/pt-pt\/wp-json\/wp\/v2\/product\/14859","targetHints":{"allow":["GET"]}}],"collection":[{"href":"https:\/\/esentialaroms.com\/pt-pt\/wp-json\/wp\/v2\/product"}],"about":[{"href":"https:\/\/esentialaroms.com\/pt-pt\/wp-json\/wp\/v2\/types\/product"}],"replies":[{"embeddable":true,"href":"https:\/\/esentialaroms.com\/pt-pt\/wp-json\/wp\/v2\/comments?post=14859"}],"version-history":[{"count":1,"href":"https:\/\/esentialaroms.com\/pt-pt\/wp-json\/wp\/v2\/product\/14859\/revisions"}],"predecessor-version":[{"id":14862,"href":"https:\/\/esentialaroms.com\/pt-pt\/wp-json\/wp\/v2\/product\/14859\/revisions\/14862"}],"wp:featuredmedia":[{"embeddable":true,"href":"https:\/\/esentialaroms.com\/pt-pt\/wp-json\/wp\/v2\/media\/14860"}],"wp:attachment":[{"href":"https:\/\/esentialaroms.com\/pt-pt\/wp-json\/wp\/v2\/media?parent=14859"}],"wp:term":[{"taxonomy":"product_brand","embeddable":true,"href":"https:\/\/esentialaroms.com\/pt-pt\/wp-json\/wp\/v2\/product_brand?post=14859"},{"taxonomy":"product_cat","embeddable":true,"href":"https:\/\/esentialaroms.com\/pt-pt\/wp-json\/wp\/v2\/product_cat?post=14859"},{"taxonomy":"product_tag","embeddable":true,"href":"https:\/\/esentialaroms.com\/pt-pt\/wp-json\/wp\/v2\/product_tag?post=14859"}],"curies":[{"name":"wp","href":"https:\/\/api.w.org\/{rel}","templated":true}]}}