{"id":14845,"date":"2026-05-07T13:55:39","date_gmt":"2026-05-07T11:55:39","guid":{"rendered":"https:\/\/esentialaroms.com\/productos\/esentialmama-leche-reafirmante-cuerpo-senos-2\/"},"modified":"2026-05-07T14:23:15","modified_gmt":"2026-05-07T12:23:15","slug":"esentialmama-leche-reafirmante-cuerpo-senos-2","status":"publish","type":"product","link":"https:\/\/esentialaroms.com\/pt-pt\/productos\/esentialmama-leche-reafirmante-cuerpo-senos-2\/","title":{"rendered":"Esential&#8217;Mama LEITE REAFIRMANTE CORPO &#038; SEIOS"},"content":{"rendered":"","protected":false},"excerpt":{"rendered":"<div>Lo\u00e7\u00e3o corporal com fito-ativos reafirmantes e tensores como a centelha asi\u00e1tica, a Kigelia africana e a margarida, tamb\u00e9m conhecida pelo nome de paquerette. A KIGELIA AFRICANA demonstrou, em estudo cl\u00ednico, a sua efic\u00e1cia no combate da flacidez corporal e dos seios. Possui propriedades tensoras e de anti-idade. Os extratos de CENTELHA ASI\u00c1TICA E DE MARGARIDA refor\u00e7am e mant\u00eam firme a rede de fibras da derme, possuindo propriedades protetoras do componente el\u00e1stico da pele. &nbsp;<\/div>\n","protected":false},"featured_media":14846,"comment_status":"open","ping_status":"closed","template":"","meta":{"_acf_changed":false,"rs_blank_template":"","rs_page_bg_color":"","slide_template_v7":""},"product_brand":[],"product_cat":[323,474,530,537,341],"product_tag":[],"class_list":{"0":"post-14845","1":"product","2":"type-product","3":"status-publish","4":"has-post-thumbnail","6":"product_cat-familias","7":"product_cat-mama-baby","9":"product_cat-pos-gravidez-e-amamentacao","10":"product_cat-precisa","12":"first","13":"instock","14":"shipping-taxable","15":"purchasable","16":"product-type-simple"},"acf":[],"_links":{"self":[{"href":"https:\/\/esentialaroms.com\/pt-pt\/wp-json\/wp\/v2\/product\/14845","targetHints":{"allow":["GET"]}}],"collection":[{"href":"https:\/\/esentialaroms.com\/pt-pt\/wp-json\/wp\/v2\/product"}],"about":[{"href":"https:\/\/esentialaroms.com\/pt-pt\/wp-json\/wp\/v2\/types\/product"}],"replies":[{"embeddable":true,"href":"https:\/\/esentialaroms.com\/pt-pt\/wp-json\/wp\/v2\/comments?post=14845"}],"version-history":[{"count":1,"href":"https:\/\/esentialaroms.com\/pt-pt\/wp-json\/wp\/v2\/product\/14845\/revisions"}],"predecessor-version":[{"id":14847,"href":"https:\/\/esentialaroms.com\/pt-pt\/wp-json\/wp\/v2\/product\/14845\/revisions\/14847"}],"wp:featuredmedia":[{"embeddable":true,"href":"https:\/\/esentialaroms.com\/pt-pt\/wp-json\/wp\/v2\/media\/14846"}],"wp:attachment":[{"href":"https:\/\/esentialaroms.com\/pt-pt\/wp-json\/wp\/v2\/media?parent=14845"}],"wp:term":[{"taxonomy":"product_brand","embeddable":true,"href":"https:\/\/esentialaroms.com\/pt-pt\/wp-json\/wp\/v2\/product_brand?post=14845"},{"taxonomy":"product_cat","embeddable":true,"href":"https:\/\/esentialaroms.com\/pt-pt\/wp-json\/wp\/v2\/product_cat?post=14845"},{"taxonomy":"product_tag","embeddable":true,"href":"https:\/\/esentialaroms.com\/pt-pt\/wp-json\/wp\/v2\/product_tag?post=14845"}],"curies":[{"name":"wp","href":"https:\/\/api.w.org\/{rel}","templated":true}]}}