{"id":14819,"date":"2026-05-07T13:55:33","date_gmt":"2026-05-07T11:55:33","guid":{"rendered":"https:\/\/esentialaroms.com\/productos\/esentialbaby-leche-corporal-2\/"},"modified":"2026-05-07T14:23:15","modified_gmt":"2026-05-07T12:23:15","slug":"esentialbaby-leche-corporal-2","status":"publish","type":"product","link":"https:\/\/esentialaroms.com\/pt-pt\/productos\/esentialbaby-leche-corporal-2\/","title":{"rendered":"Esential&#8217;Baby LEITE CORPORAL"},"content":{"rendered":"","protected":false},"excerpt":{"rendered":"<div>Leite corporal suave, concebido para proporcionar uma boa hidrata\u00e7\u00e3o da pele do beb\u00e9 e prevenir a evapora\u00e7\u00e3o da \u00e1gua, fortalecendo a fun\u00e7\u00e3o de barreira da pele, de forma totalmente natural. &nbsp;<\/div>\n","protected":false},"featured_media":14820,"comment_status":"open","ping_status":"closed","template":"","meta":{"_acf_changed":false,"rs_blank_template":"","rs_page_bg_color":"","slide_template_v7":""},"product_brand":[],"product_cat":[534,323,530,474,341],"product_tag":[],"class_list":{"0":"post-14819","1":"product","2":"type-product","3":"status-publish","4":"has-post-thumbnail","6":"product_cat-bebe","7":"product_cat-familias","8":"product_cat-mama-baby","10":"product_cat-precisa","12":"first","13":"instock","14":"shipping-taxable","15":"purchasable","16":"product-type-simple"},"acf":[],"_links":{"self":[{"href":"https:\/\/esentialaroms.com\/pt-pt\/wp-json\/wp\/v2\/product\/14819","targetHints":{"allow":["GET"]}}],"collection":[{"href":"https:\/\/esentialaroms.com\/pt-pt\/wp-json\/wp\/v2\/product"}],"about":[{"href":"https:\/\/esentialaroms.com\/pt-pt\/wp-json\/wp\/v2\/types\/product"}],"replies":[{"embeddable":true,"href":"https:\/\/esentialaroms.com\/pt-pt\/wp-json\/wp\/v2\/comments?post=14819"}],"version-history":[{"count":1,"href":"https:\/\/esentialaroms.com\/pt-pt\/wp-json\/wp\/v2\/product\/14819\/revisions"}],"predecessor-version":[{"id":14821,"href":"https:\/\/esentialaroms.com\/pt-pt\/wp-json\/wp\/v2\/product\/14819\/revisions\/14821"}],"wp:featuredmedia":[{"embeddable":true,"href":"https:\/\/esentialaroms.com\/pt-pt\/wp-json\/wp\/v2\/media\/14820"}],"wp:attachment":[{"href":"https:\/\/esentialaroms.com\/pt-pt\/wp-json\/wp\/v2\/media?parent=14819"}],"wp:term":[{"taxonomy":"product_brand","embeddable":true,"href":"https:\/\/esentialaroms.com\/pt-pt\/wp-json\/wp\/v2\/product_brand?post=14819"},{"taxonomy":"product_cat","embeddable":true,"href":"https:\/\/esentialaroms.com\/pt-pt\/wp-json\/wp\/v2\/product_cat?post=14819"},{"taxonomy":"product_tag","embeddable":true,"href":"https:\/\/esentialaroms.com\/pt-pt\/wp-json\/wp\/v2\/product_tag?post=14819"}],"curies":[{"name":"wp","href":"https:\/\/api.w.org\/{rel}","templated":true}]}}