{"id":14793,"date":"2026-05-07T13:55:27","date_gmt":"2026-05-07T11:55:27","guid":{"rendered":"https:\/\/esentialaroms.com\/productos\/esentialbaby-champu-y-gel-corporal-suave-2\/"},"modified":"2026-05-07T14:23:14","modified_gmt":"2026-05-07T12:23:14","slug":"esentialbaby-champu-y-gel-corporal-suave-2","status":"publish","type":"product","link":"https:\/\/esentialaroms.com\/pt-pt\/productos\/esentialbaby-champu-y-gel-corporal-suave-2\/","title":{"rendered":"Esential&#8217;Baby CHAMP\u00d4 E GEL CORPORAL SUAVE"},"content":{"rendered":"","protected":false},"excerpt":{"rendered":"<div>Para o cuidado do cabelo e do corpo do teu beb\u00e9. &nbsp;<\/div>\n<div>Gel e champ\u00f4 sem sulfatos, sem detergentes de pH fisiol\u00f3gico. Formulado com \u00e1guas florais de neroli e camomila e extratos de cal\u00eandula, alo\u00e9 e algod\u00e3o para uma boa higiene da pele sem alterar a fun\u00e7\u00e3o barreira. &nbsp;<\/div>\n","protected":false},"featured_media":14794,"comment_status":"open","ping_status":"closed","template":"","meta":{"_acf_changed":false,"rs_blank_template":"","rs_page_bg_color":"","slide_template_v7":""},"product_brand":[],"product_cat":[534,323,530,474,341],"product_tag":[],"class_list":{"0":"post-14793","1":"product","2":"type-product","3":"status-publish","4":"has-post-thumbnail","6":"product_cat-bebe","7":"product_cat-familias","8":"product_cat-mama-baby","10":"product_cat-precisa","12":"first","13":"instock","14":"shipping-taxable","15":"purchasable","16":"product-type-simple"},"acf":[],"_links":{"self":[{"href":"https:\/\/esentialaroms.com\/pt-pt\/wp-json\/wp\/v2\/product\/14793","targetHints":{"allow":["GET"]}}],"collection":[{"href":"https:\/\/esentialaroms.com\/pt-pt\/wp-json\/wp\/v2\/product"}],"about":[{"href":"https:\/\/esentialaroms.com\/pt-pt\/wp-json\/wp\/v2\/types\/product"}],"replies":[{"embeddable":true,"href":"https:\/\/esentialaroms.com\/pt-pt\/wp-json\/wp\/v2\/comments?post=14793"}],"version-history":[{"count":1,"href":"https:\/\/esentialaroms.com\/pt-pt\/wp-json\/wp\/v2\/product\/14793\/revisions"}],"predecessor-version":[{"id":14795,"href":"https:\/\/esentialaroms.com\/pt-pt\/wp-json\/wp\/v2\/product\/14793\/revisions\/14795"}],"wp:featuredmedia":[{"embeddable":true,"href":"https:\/\/esentialaroms.com\/pt-pt\/wp-json\/wp\/v2\/media\/14794"}],"wp:attachment":[{"href":"https:\/\/esentialaroms.com\/pt-pt\/wp-json\/wp\/v2\/media?parent=14793"}],"wp:term":[{"taxonomy":"product_brand","embeddable":true,"href":"https:\/\/esentialaroms.com\/pt-pt\/wp-json\/wp\/v2\/product_brand?post=14793"},{"taxonomy":"product_cat","embeddable":true,"href":"https:\/\/esentialaroms.com\/pt-pt\/wp-json\/wp\/v2\/product_cat?post=14793"},{"taxonomy":"product_tag","embeddable":true,"href":"https:\/\/esentialaroms.com\/pt-pt\/wp-json\/wp\/v2\/product_tag?post=14793"}],"curies":[{"name":"wp","href":"https:\/\/api.w.org\/{rel}","templated":true}]}}