{"id":14063,"date":"2026-05-07T13:31:24","date_gmt":"2026-05-07T11:31:24","guid":{"rendered":"https:\/\/esentialaroms.com\/productos\/aceite-esencial-canela-corteza-30-ml-2\/"},"modified":"2026-05-07T14:22:53","modified_gmt":"2026-05-07T12:22:53","slug":"aceite-esencial-canela-corteza-30-ml-2","status":"publish","type":"product","link":"https:\/\/esentialaroms.com\/pt-pt\/productos\/aceite-esencial-canela-corteza-30-ml-2\/","title":{"rendered":"\u00d3leo essencial CANELA-CASCA 30 ml"},"content":{"rendered":"<div>Os \u00f3leos essenciais ESENTIAL\u2019AR\u00d4MS s\u00e3o produtos de alta qualidade, 100% puros e naturais devido ao processo de sele\u00e7\u00e3o dos mesmos e \u00e0 forma de fabrico e controlo. &nbsp;<\/div>\n<div>Acabas de adquirir um \u00d3leo Essencial O.E.B.B.D., ou seja, um \u00d3leo Essencial Botanicamente e Bioquimicamente Definido, que na realidade \u00e9 um \u00f3leo essencial 100% puro e natural proveniente de uma destila\u00e7\u00e3o a vapor com\u00acpleta (sem a utiliza\u00e7\u00e3o de produtos qu\u00edmicos na sua extra\u00e7\u00e3o) e que seguiu rigorosos controlos de qualidade. Tamb\u00e9m n\u00e3o s\u00e3o adicionados corantes nem aplicados processos de terpenos, modifica\u00e7\u00e3o ou redestila\u00e7\u00e3o. &nbsp;<\/div>\n<div><\/div>\n<div>SELE\u00c7\u00c3O DE \u00d3LEOS ESSENCIAIS (O.E.B.B.D.) &nbsp;<\/div>\n<div>Os \u00f3leos essenciais de Esential\u2019Ar\u00f4ms caracterizam-se por serem \u00d3leos Essenciais Botanicamente e Bioquimicamente Definidos (O.E.B.B.D.). Isto significa que cada um deles foi selecionado em fun\u00e7\u00e3o dos seguintes par\u00e2metros: &nbsp;<\/div>\n<div>1. Esp\u00e9cie bot\u00e2nica: as plantas utilizadas s\u00e3o classificadas botanicamente, o que nos permite informar sem qualquer d\u00favida sobre as esp\u00e9cies bot\u00e2nicas de acordo com a nomenclatura latina internacional. &nbsp;<\/div>\n<div>2. \u00d3rg\u00e3o produtor (o. p.): nem todas as partes da planta t\u00eam a mesma composi\u00e7\u00e3o, sendo necess\u00e1rio escolher o \u00f3rg\u00e3o (raiz, semente, folhas\u2026) que depois da destila\u00e7\u00e3o ir\u00e1 conter as subst\u00e2ncias caracter\u00edsticas. &nbsp;<\/div>\n<div>3. Especificidade bioqu\u00edmica (s. b.) ou QUIMIOTIPO: depois do \u00f3leo essencial ser destilado \u00e9 necess\u00e1ria a verifica\u00e7\u00e3o da sua composi\u00e7\u00e3o qu\u00edmica que caracte-riza a sua utiliza\u00e7\u00e3o. A confirma\u00e7\u00e3o do correto bi\u00f3tipo eleito \u00e9 realizada atrav\u00e9s do controlo anal\u00edtico por cromatografia gasosa acoplada \u00e0 espectrofotometria de massa. &nbsp;<\/div>\n<div>4. Bi\u00f3tipo: em fun\u00e7\u00e3o do habitat onde se desenvolve a esp\u00e9cie bot\u00e2nica (tipo de terreno, altitude\u2026) a composi\u00e7\u00e3o do \u00f3leo essencial pode variar de tal forma que a defini\u00e7\u00e3o do quimiotipo torna-se essencial. &nbsp;<\/div>\n","protected":false},"excerpt":{"rendered":"<div>\u00d3leo essencial 100% natural. &nbsp;<\/div>\n<div>Produto cosm\u00e9tico. &nbsp;<\/div>\n","protected":false},"featured_media":14064,"comment_status":"open","ping_status":"closed","template":"","meta":{"_acf_changed":false,"rs_blank_template":"","rs_page_bg_color":"","slide_template_v7":""},"product_brand":[],"product_cat":[308,420],"product_tag":[],"class_list":{"0":"post-14063","1":"product","2":"type-product","3":"status-publish","4":"has-post-thumbnail","6":"product_cat-aromaterapia","7":"product_cat-oleos-essenciais","9":"first","10":"instock","11":"shipping-taxable","12":"purchasable","13":"product-type-simple"},"acf":[],"_links":{"self":[{"href":"https:\/\/esentialaroms.com\/pt-pt\/wp-json\/wp\/v2\/product\/14063","targetHints":{"allow":["GET"]}}],"collection":[{"href":"https:\/\/esentialaroms.com\/pt-pt\/wp-json\/wp\/v2\/product"}],"about":[{"href":"https:\/\/esentialaroms.com\/pt-pt\/wp-json\/wp\/v2\/types\/product"}],"replies":[{"embeddable":true,"href":"https:\/\/esentialaroms.com\/pt-pt\/wp-json\/wp\/v2\/comments?post=14063"}],"version-history":[{"count":1,"href":"https:\/\/esentialaroms.com\/pt-pt\/wp-json\/wp\/v2\/product\/14063\/revisions"}],"predecessor-version":[{"id":14066,"href":"https:\/\/esentialaroms.com\/pt-pt\/wp-json\/wp\/v2\/product\/14063\/revisions\/14066"}],"wp:featuredmedia":[{"embeddable":true,"href":"https:\/\/esentialaroms.com\/pt-pt\/wp-json\/wp\/v2\/media\/14064"}],"wp:attachment":[{"href":"https:\/\/esentialaroms.com\/pt-pt\/wp-json\/wp\/v2\/media?parent=14063"}],"wp:term":[{"taxonomy":"product_brand","embeddable":true,"href":"https:\/\/esentialaroms.com\/pt-pt\/wp-json\/wp\/v2\/product_brand?post=14063"},{"taxonomy":"product_cat","embeddable":true,"href":"https:\/\/esentialaroms.com\/pt-pt\/wp-json\/wp\/v2\/product_cat?post=14063"},{"taxonomy":"product_tag","embeddable":true,"href":"https:\/\/esentialaroms.com\/pt-pt\/wp-json\/wp\/v2\/product_tag?post=14063"}],"curies":[{"name":"wp","href":"https:\/\/api.w.org\/{rel}","templated":true}]}}