{"id":14008,"date":"2026-05-07T13:31:07","date_gmt":"2026-05-07T11:31:07","guid":{"rendered":"https:\/\/esentialaroms.com\/productos\/aceite-vegetal-virgen-de-comino-negro-nigella-sativa-bio-500-ml-2\/"},"modified":"2026-05-07T14:22:51","modified_gmt":"2026-05-07T12:22:51","slug":"aceite-vegetal-virgen-de-comino-negro-nigella-sativa-bio-500-ml-2","status":"publish","type":"product","link":"https:\/\/esentialaroms.com\/pt-pt\/productos\/aceite-vegetal-virgen-de-comino-negro-nigella-sativa-bio-500-ml-2\/","title":{"rendered":"\u00d3leo vegetal virgem de COMINHO PRETO (Nigella sativa) BIO 500 ml"},"content":{"rendered":"","protected":false},"excerpt":{"rendered":"<div>Suplemento alimentar a base de \u00f3leo virgem de cominho preto. Fonte de ?-6 e ?-9. &nbsp;<\/div>\n<div>O \u00f3leo vegetal virgem EXTRA \u00e9 quente, arom\u00e1tico e amargo; destacandose pela sua riqueza em \u00e1cidos gordos essenciais 75% (?6: 60% e ?9: 25%); al\u00e9m de possuir 1,4% de mol\u00e9culas que fazem parte do seu \u00f3leo essencial, como a nigellona, a thymoquinone, etc. &nbsp;<\/div>\n","protected":false},"featured_media":14009,"comment_status":"open","ping_status":"closed","template":"","meta":{"_acf_changed":false,"rs_blank_template":"","rs_page_bg_color":"","slide_template_v7":""},"product_brand":[],"product_cat":[308,311],"product_tag":[],"class_list":{"0":"post-14008","1":"product","2":"type-product","3":"status-publish","4":"has-post-thumbnail","6":"product_cat-aromaterapia","7":"product_cat-oleos-vegetais","9":"first","10":"instock","11":"shipping-taxable","12":"purchasable","13":"product-type-simple"},"acf":[],"_links":{"self":[{"href":"https:\/\/esentialaroms.com\/pt-pt\/wp-json\/wp\/v2\/product\/14008","targetHints":{"allow":["GET"]}}],"collection":[{"href":"https:\/\/esentialaroms.com\/pt-pt\/wp-json\/wp\/v2\/product"}],"about":[{"href":"https:\/\/esentialaroms.com\/pt-pt\/wp-json\/wp\/v2\/types\/product"}],"replies":[{"embeddable":true,"href":"https:\/\/esentialaroms.com\/pt-pt\/wp-json\/wp\/v2\/comments?post=14008"}],"version-history":[{"count":1,"href":"https:\/\/esentialaroms.com\/pt-pt\/wp-json\/wp\/v2\/product\/14008\/revisions"}],"predecessor-version":[{"id":14010,"href":"https:\/\/esentialaroms.com\/pt-pt\/wp-json\/wp\/v2\/product\/14008\/revisions\/14010"}],"wp:featuredmedia":[{"embeddable":true,"href":"https:\/\/esentialaroms.com\/pt-pt\/wp-json\/wp\/v2\/media\/14009"}],"wp:attachment":[{"href":"https:\/\/esentialaroms.com\/pt-pt\/wp-json\/wp\/v2\/media?parent=14008"}],"wp:term":[{"taxonomy":"product_brand","embeddable":true,"href":"https:\/\/esentialaroms.com\/pt-pt\/wp-json\/wp\/v2\/product_brand?post=14008"},{"taxonomy":"product_cat","embeddable":true,"href":"https:\/\/esentialaroms.com\/pt-pt\/wp-json\/wp\/v2\/product_cat?post=14008"},{"taxonomy":"product_tag","embeddable":true,"href":"https:\/\/esentialaroms.com\/pt-pt\/wp-json\/wp\/v2\/product_tag?post=14008"}],"curies":[{"name":"wp","href":"https:\/\/api.w.org\/{rel}","templated":true}]}}