{"id":13998,"date":"2026-05-07T13:31:05","date_gmt":"2026-05-07T11:31:05","guid":{"rendered":"https:\/\/esentialaroms.com\/productos\/aceite-vegetal-virgen-de-baobab-adansonia-digitata-bio-500-ml-2\/"},"modified":"2026-05-07T14:22:51","modified_gmt":"2026-05-07T12:22:51","slug":"aceite-vegetal-virgen-de-baobab-adansonia-digitata-bio-500-ml-2","status":"publish","type":"product","link":"https:\/\/esentialaroms.com\/pt-pt\/productos\/aceite-vegetal-virgen-de-baobab-adansonia-digitata-bio-500-ml-2\/","title":{"rendered":"\u00d3leo vegetal virgem de BAOB\u00c1 (Adansonia digitata) BIO 500 ml"},"content":{"rendered":"","protected":false},"excerpt":{"rendered":"<div>O \u00f3leo virgem de baob\u00e1 BIO de Senegal prov\u00e9m das sementes da m\u00edtica \u00e1rvore do mesmo nome, conhecido pela sua longevidade (3.000 anos). \u00c9 usado para o cuidado da pele durante s\u00e9culos e tem um 40% de \u00e1cidos gordos essenciais: 35% de \u00e1cido oleico (O-9), 30% de \u00e1cido linol\u00e9nico (O-6) e 5% de \u00e1cido a-linol\u00e9nico (O-3 vegetal). Al\u00e9m disso, cont\u00e9m vitaminas A, D e E de forma natural, com propriedades altamente hidratantes e emolientes para a pele e o cabelo. Este \u00f3leo \u00e9 rapidamente absorvido sem deixar res\u00edduos gordurosos, aumenta a elasticidade da pele, estimula a regenera\u00e7\u00e3o celular, n\u00e3o obstrui os poros, acalma e suaviza a pele. &nbsp;<\/div>\n","protected":false},"featured_media":14119,"comment_status":"open","ping_status":"closed","template":"","meta":{"_acf_changed":false,"rs_blank_template":"","rs_page_bg_color":"","slide_template_v7":""},"product_brand":[],"product_cat":[308,311],"product_tag":[],"class_list":{"0":"post-13998","1":"product","2":"type-product","3":"status-publish","4":"has-post-thumbnail","6":"product_cat-aromaterapia","7":"product_cat-oleos-vegetais","9":"first","10":"instock","11":"shipping-taxable","12":"purchasable","13":"product-type-simple"},"acf":[],"_links":{"self":[{"href":"https:\/\/esentialaroms.com\/pt-pt\/wp-json\/wp\/v2\/product\/13998","targetHints":{"allow":["GET"]}}],"collection":[{"href":"https:\/\/esentialaroms.com\/pt-pt\/wp-json\/wp\/v2\/product"}],"about":[{"href":"https:\/\/esentialaroms.com\/pt-pt\/wp-json\/wp\/v2\/types\/product"}],"replies":[{"embeddable":true,"href":"https:\/\/esentialaroms.com\/pt-pt\/wp-json\/wp\/v2\/comments?post=13998"}],"version-history":[{"count":1,"href":"https:\/\/esentialaroms.com\/pt-pt\/wp-json\/wp\/v2\/product\/13998\/revisions"}],"predecessor-version":[{"id":13999,"href":"https:\/\/esentialaroms.com\/pt-pt\/wp-json\/wp\/v2\/product\/13998\/revisions\/13999"}],"wp:featuredmedia":[{"embeddable":true,"href":"https:\/\/esentialaroms.com\/pt-pt\/wp-json\/wp\/v2\/media\/14119"}],"wp:attachment":[{"href":"https:\/\/esentialaroms.com\/pt-pt\/wp-json\/wp\/v2\/media?parent=13998"}],"wp:term":[{"taxonomy":"product_brand","embeddable":true,"href":"https:\/\/esentialaroms.com\/pt-pt\/wp-json\/wp\/v2\/product_brand?post=13998"},{"taxonomy":"product_cat","embeddable":true,"href":"https:\/\/esentialaroms.com\/pt-pt\/wp-json\/wp\/v2\/product_cat?post=13998"},{"taxonomy":"product_tag","embeddable":true,"href":"https:\/\/esentialaroms.com\/pt-pt\/wp-json\/wp\/v2\/product_tag?post=13998"}],"curies":[{"name":"wp","href":"https:\/\/api.w.org\/{rel}","templated":true}]}}