{"id":13095,"date":"2026-05-07T13:11:37","date_gmt":"2026-05-07T11:11:37","guid":{"rendered":"https:\/\/esentialaroms.com\/productos\/champu-para-el-cuidado-capilar-2\/"},"modified":"2026-05-07T14:22:23","modified_gmt":"2026-05-07T12:22:23","slug":"champu-para-el-cuidado-capilar-2","status":"publish","type":"product","link":"https:\/\/esentialaroms.com\/pt-pt\/productos\/champu-para-el-cuidado-capilar-2\/","title":{"rendered":"CHAMP\u00d4 PARA CUIDADOS CAPILARES"},"content":{"rendered":"<div>Champ\u00f4 elaborado com mat\u00e9rias-primas naturais e de origem natural. Cont\u00e9m \u00f3leo essencial da \u00e1rvore de ch\u00e1 100 % puro e natural (bot\u00e2nica e bioquimicamente definido). Os emulsionantes utilizados s\u00e3o de origem natural. &nbsp;<\/div>\n<div>Produto biodegrad\u00e1vel. N\u00e3o cont\u00e9m: aromas de s\u00edntese, corantes artificiais, PEG, ftalatos, silicones, parafina ou parabenos. &nbsp;<\/div>\n","protected":false},"excerpt":{"rendered":"<div>Champ\u00f4 para o cuidado capilar e para a preven\u00e7\u00e3o do cabelo de crian\u00e7as em idade escolar. &nbsp;<\/div>\n<div>Cont\u00e9m \u00f3leo essencial da \u00e1rvore de ch\u00e1 100% puro e natural (bot\u00e2nica e bioquimicamente definido). Os emulsificantes utilizados s\u00e3o de origem natural.  Produto biodegrad\u00e1vel. N\u00e3o cont\u00e9m fragr\u00e2ncias sint\u00e9ticas, corantes artificiais, peg, ftalatos, silicones, parafina ou parabenos. &nbsp;<\/div>\n","protected":false},"featured_media":13096,"comment_status":"open","ping_status":"closed","template":"","meta":{"_acf_changed":false,"rs_blank_template":"","rs_page_bg_color":"","slide_template_v7":""},"product_brand":[],"product_cat":[495,501,323,466,552,341,546],"product_tag":[],"class_list":{"0":"post-13095","1":"product","2":"type-product","3":"status-publish","4":"has-post-thumbnail","6":"product_cat-capilar","7":"product_cat-cuidados-com-os-cabelos-infantis","8":"product_cat-familias","9":"product_cat-kids-esential","10":"product_cat-piolhos","11":"product_cat-precisa","12":"product_cat-repelentes-naturais","14":"first","15":"instock","16":"shipping-taxable","17":"purchasable","18":"product-type-simple"},"acf":[],"_links":{"self":[{"href":"https:\/\/esentialaroms.com\/pt-pt\/wp-json\/wp\/v2\/product\/13095","targetHints":{"allow":["GET"]}}],"collection":[{"href":"https:\/\/esentialaroms.com\/pt-pt\/wp-json\/wp\/v2\/product"}],"about":[{"href":"https:\/\/esentialaroms.com\/pt-pt\/wp-json\/wp\/v2\/types\/product"}],"replies":[{"embeddable":true,"href":"https:\/\/esentialaroms.com\/pt-pt\/wp-json\/wp\/v2\/comments?post=13095"}],"version-history":[{"count":1,"href":"https:\/\/esentialaroms.com\/pt-pt\/wp-json\/wp\/v2\/product\/13095\/revisions"}],"predecessor-version":[{"id":13098,"href":"https:\/\/esentialaroms.com\/pt-pt\/wp-json\/wp\/v2\/product\/13095\/revisions\/13098"}],"wp:featuredmedia":[{"embeddable":true,"href":"https:\/\/esentialaroms.com\/pt-pt\/wp-json\/wp\/v2\/media\/13096"}],"wp:attachment":[{"href":"https:\/\/esentialaroms.com\/pt-pt\/wp-json\/wp\/v2\/media?parent=13095"}],"wp:term":[{"taxonomy":"product_brand","embeddable":true,"href":"https:\/\/esentialaroms.com\/pt-pt\/wp-json\/wp\/v2\/product_brand?post=13095"},{"taxonomy":"product_cat","embeddable":true,"href":"https:\/\/esentialaroms.com\/pt-pt\/wp-json\/wp\/v2\/product_cat?post=13095"},{"taxonomy":"product_tag","embeddable":true,"href":"https:\/\/esentialaroms.com\/pt-pt\/wp-json\/wp\/v2\/product_tag?post=13095"}],"curies":[{"name":"wp","href":"https:\/\/api.w.org\/{rel}","templated":true}]}}