{"id":13080,"date":"2026-05-07T13:11:28","date_gmt":"2026-05-07T11:11:28","guid":{"rendered":"https:\/\/esentialaroms.com\/productos\/locion-para-el-cuidado-capilar-2\/"},"modified":"2026-05-07T14:22:22","modified_gmt":"2026-05-07T12:22:22","slug":"locion-para-el-cuidado-capilar-2","status":"publish","type":"product","link":"https:\/\/esentialaroms.com\/pt-pt\/productos\/locion-para-el-cuidado-capilar-2\/","title":{"rendered":"LO\u00c7\u00c3O PARA CUIDADOS CAPILARES"},"content":{"rendered":"<div>Produto elaborado a partir de mat\u00e9rias primas naturais: \u00e1guas florais e \u00f3leos essenessenciais 100% naturais, bot\u00e2nica e bioquimicamente definidos. &nbsp;<\/div>\n<div>Biodegrad\u00e1vel. N\u00e3o cont\u00e9m fragr\u00e2ncias sint\u00e9ticas ou corantes artificiais, ftalatos, silicones, parafina, ou parabenos. &nbsp;<\/div>\n","protected":false},"excerpt":{"rendered":"<div>Lo\u00e7\u00e3o para o cuidado capilar, que ajuda a combater piolhos e l\u00eandeas. &nbsp;<\/div>\n","protected":false},"featured_media":13081,"comment_status":"open","ping_status":"closed","template":"","meta":{"_acf_changed":false,"rs_blank_template":"","rs_page_bg_color":"","slide_template_v7":""},"product_brand":[],"product_cat":[495,501,323,466,552,341,546],"product_tag":[],"class_list":{"0":"post-13080","1":"product","2":"type-product","3":"status-publish","4":"has-post-thumbnail","6":"product_cat-capilar","7":"product_cat-cuidados-com-os-cabelos-infantis","8":"product_cat-familias","9":"product_cat-kids-esential","10":"product_cat-piolhos","11":"product_cat-precisa","12":"product_cat-repelentes-naturais","14":"first","15":"instock","16":"shipping-taxable","17":"purchasable","18":"product-type-simple"},"acf":[],"_links":{"self":[{"href":"https:\/\/esentialaroms.com\/pt-pt\/wp-json\/wp\/v2\/product\/13080","targetHints":{"allow":["GET"]}}],"collection":[{"href":"https:\/\/esentialaroms.com\/pt-pt\/wp-json\/wp\/v2\/product"}],"about":[{"href":"https:\/\/esentialaroms.com\/pt-pt\/wp-json\/wp\/v2\/types\/product"}],"replies":[{"embeddable":true,"href":"https:\/\/esentialaroms.com\/pt-pt\/wp-json\/wp\/v2\/comments?post=13080"}],"version-history":[{"count":1,"href":"https:\/\/esentialaroms.com\/pt-pt\/wp-json\/wp\/v2\/product\/13080\/revisions"}],"predecessor-version":[{"id":13083,"href":"https:\/\/esentialaroms.com\/pt-pt\/wp-json\/wp\/v2\/product\/13080\/revisions\/13083"}],"wp:featuredmedia":[{"embeddable":true,"href":"https:\/\/esentialaroms.com\/pt-pt\/wp-json\/wp\/v2\/media\/13081"}],"wp:attachment":[{"href":"https:\/\/esentialaroms.com\/pt-pt\/wp-json\/wp\/v2\/media?parent=13080"}],"wp:term":[{"taxonomy":"product_brand","embeddable":true,"href":"https:\/\/esentialaroms.com\/pt-pt\/wp-json\/wp\/v2\/product_brand?post=13080"},{"taxonomy":"product_cat","embeddable":true,"href":"https:\/\/esentialaroms.com\/pt-pt\/wp-json\/wp\/v2\/product_cat?post=13080"},{"taxonomy":"product_tag","embeddable":true,"href":"https:\/\/esentialaroms.com\/pt-pt\/wp-json\/wp\/v2\/product_tag?post=13080"}],"curies":[{"name":"wp","href":"https:\/\/api.w.org\/{rel}","templated":true}]}}