{"id":13035,"date":"2026-05-07T13:10:58","date_gmt":"2026-05-07T11:10:58","guid":{"rendered":"https:\/\/esentialaroms.com\/productos\/esential-pic-antimoskit-2\/"},"modified":"2026-05-07T14:22:21","modified_gmt":"2026-05-07T12:22:21","slug":"esential-pic-antimoskit-2","status":"publish","type":"product","link":"https:\/\/esentialaroms.com\/pt-pt\/productos\/esential-pic-antimoskit-2\/","title":{"rendered":"Esential Pic ANTIMOSKIT"},"content":{"rendered":"<div>Roll-on de citronela &nbsp;<\/div>\n","protected":false},"excerpt":{"rendered":"<div>Roll-on para aplicar na picada do mosquito e sobre a pele em zonas expostas, em viagens ao campo ou ao ar livre, apenas \u00e9 necess\u00e1ria a aplica\u00e7\u00e3o de uma linha em cada um dos bra\u00e7os e pernas &nbsp;<\/div>\n","protected":false},"featured_media":13036,"comment_status":"open","ping_status":"closed","template":"","meta":{"_acf_changed":false,"rs_blank_template":"","rs_page_bg_color":"","slide_template_v7":""},"product_brand":[],"product_cat":[450,323,549,341,546],"product_tag":[],"class_list":{"0":"post-13035","1":"product","2":"type-product","3":"status-publish","4":"has-post-thumbnail","6":"product_cat-anti-mosquito","7":"product_cat-familias","8":"product_cat-mosquitos","9":"product_cat-precisa","10":"product_cat-repelentes-naturais","12":"first","13":"instock","14":"shipping-taxable","15":"purchasable","16":"product-type-simple"},"acf":[],"_links":{"self":[{"href":"https:\/\/esentialaroms.com\/pt-pt\/wp-json\/wp\/v2\/product\/13035","targetHints":{"allow":["GET"]}}],"collection":[{"href":"https:\/\/esentialaroms.com\/pt-pt\/wp-json\/wp\/v2\/product"}],"about":[{"href":"https:\/\/esentialaroms.com\/pt-pt\/wp-json\/wp\/v2\/types\/product"}],"replies":[{"embeddable":true,"href":"https:\/\/esentialaroms.com\/pt-pt\/wp-json\/wp\/v2\/comments?post=13035"}],"version-history":[{"count":1,"href":"https:\/\/esentialaroms.com\/pt-pt\/wp-json\/wp\/v2\/product\/13035\/revisions"}],"predecessor-version":[{"id":13038,"href":"https:\/\/esentialaroms.com\/pt-pt\/wp-json\/wp\/v2\/product\/13035\/revisions\/13038"}],"wp:featuredmedia":[{"embeddable":true,"href":"https:\/\/esentialaroms.com\/pt-pt\/wp-json\/wp\/v2\/media\/13036"}],"wp:attachment":[{"href":"https:\/\/esentialaroms.com\/pt-pt\/wp-json\/wp\/v2\/media?parent=13035"}],"wp:term":[{"taxonomy":"product_brand","embeddable":true,"href":"https:\/\/esentialaroms.com\/pt-pt\/wp-json\/wp\/v2\/product_brand?post=13035"},{"taxonomy":"product_cat","embeddable":true,"href":"https:\/\/esentialaroms.com\/pt-pt\/wp-json\/wp\/v2\/product_cat?post=13035"},{"taxonomy":"product_tag","embeddable":true,"href":"https:\/\/esentialaroms.com\/pt-pt\/wp-json\/wp\/v2\/product_tag?post=13035"}],"curies":[{"name":"wp","href":"https:\/\/api.w.org\/{rel}","templated":true}]}}