{"id":13020,"date":"2026-05-07T13:10:51","date_gmt":"2026-05-07T11:10:51","guid":{"rendered":"https:\/\/esentialaroms.com\/productos\/ansi-relax-2\/"},"modified":"2026-05-07T14:22:21","modified_gmt":"2026-05-07T12:22:21","slug":"ansi-relax-2","status":"publish","type":"product","link":"https:\/\/esentialaroms.com\/pt-pt\/productos\/ansi-relax-2\/","title":{"rendered":"ANSI RELAX"},"content":{"rendered":"<div>\u00d3leo de massagem de resgate \u00b7 Roll-on &nbsp;<\/div>\n<div>100% de origem natural &nbsp;<\/div>\n","protected":false},"excerpt":{"rendered":"<div>Possui uma mistura de \u00f3leos essenciais 100% puros e naturais (certificados: A.E.B.B.D.*) que atuam em sinergia para ajudar a restabelecer e facilitar um bom estado de esp\u00edrito e bem-estar. Fator fundamental para enfrentar os desafios do dia a dia. Os \u00f3leos essenciais de qualidade certificada: \u00f3leos essenciais bot\u00e2nicos e bioquimicamente definidos, possuem uma a\u00e7\u00e3o psico-aromaterap\u00eautica. &nbsp;<\/div>\n","protected":false},"featured_media":13021,"comment_status":"open","ping_status":"closed","template":"","meta":{"_acf_changed":false,"rs_blank_template":"","rs_page_bg_color":"","slide_template_v7":""},"product_brand":[],"product_cat":[308,323,479,368,365,341,320],"product_tag":[],"class_list":{"0":"post-13020","1":"product","2":"type-product","3":"status-publish","4":"has-post-thumbnail","6":"product_cat-aromaterapia","7":"product_cat-familias","8":"product_cat-massage-oil","9":"product_cat-massagem-anti-stress-e-anti-fadiga","10":"product_cat-massagens-terapeuticas","11":"product_cat-precisa","12":"product_cat-psicoaromaterapia","14":"first","15":"instock","16":"shipping-taxable","17":"purchasable","18":"product-type-simple"},"acf":[],"_links":{"self":[{"href":"https:\/\/esentialaroms.com\/pt-pt\/wp-json\/wp\/v2\/product\/13020","targetHints":{"allow":["GET"]}}],"collection":[{"href":"https:\/\/esentialaroms.com\/pt-pt\/wp-json\/wp\/v2\/product"}],"about":[{"href":"https:\/\/esentialaroms.com\/pt-pt\/wp-json\/wp\/v2\/types\/product"}],"replies":[{"embeddable":true,"href":"https:\/\/esentialaroms.com\/pt-pt\/wp-json\/wp\/v2\/comments?post=13020"}],"version-history":[{"count":1,"href":"https:\/\/esentialaroms.com\/pt-pt\/wp-json\/wp\/v2\/product\/13020\/revisions"}],"predecessor-version":[{"id":13023,"href":"https:\/\/esentialaroms.com\/pt-pt\/wp-json\/wp\/v2\/product\/13020\/revisions\/13023"}],"wp:featuredmedia":[{"embeddable":true,"href":"https:\/\/esentialaroms.com\/pt-pt\/wp-json\/wp\/v2\/media\/13021"}],"wp:attachment":[{"href":"https:\/\/esentialaroms.com\/pt-pt\/wp-json\/wp\/v2\/media?parent=13020"}],"wp:term":[{"taxonomy":"product_brand","embeddable":true,"href":"https:\/\/esentialaroms.com\/pt-pt\/wp-json\/wp\/v2\/product_brand?post=13020"},{"taxonomy":"product_cat","embeddable":true,"href":"https:\/\/esentialaroms.com\/pt-pt\/wp-json\/wp\/v2\/product_cat?post=13020"},{"taxonomy":"product_tag","embeddable":true,"href":"https:\/\/esentialaroms.com\/pt-pt\/wp-json\/wp\/v2\/product_tag?post=13020"}],"curies":[{"name":"wp","href":"https:\/\/api.w.org\/{rel}","templated":true}]}}