{"id":13005,"date":"2026-05-07T13:10:43","date_gmt":"2026-05-07T11:10:43","guid":{"rendered":"https:\/\/esentialaroms.com\/productos\/hidrolato-de-romero-rosmarinus-officinalis-bio-120-ml-2\/"},"modified":"2026-05-07T14:22:21","modified_gmt":"2026-05-07T12:22:21","slug":"hidrolato-de-romero-rosmarinus-officinalis-bio-120-ml-2","status":"publish","type":"product","link":"https:\/\/esentialaroms.com\/pt-pt\/productos\/hidrolato-de-romero-rosmarinus-officinalis-bio-120-ml-2\/","title":{"rendered":"Hidrolato de ALECRIM (Rosmarinus officinalis) BIO 120 ml"},"content":{"rendered":"<div>A \u00e1gua floral ou hidrolato \u00e9 um produto totalmente natural obtido atrav\u00e9s da destila\u00e7\u00e3o a vapor de \u00e1gua de plantas arom\u00e1ticas. Gra\u00e7as a este m\u00e9todo, cont\u00e9m as mol\u00e9culas e fitoativos dessas plantas, que lhe conferem o seu aroma e propriedades \u00fanicas para a pele. &nbsp;<\/div>\n<div>ATEN\u00c7\u00c3O \u00c0S FALSIFICA\u00c7\u00d5ES: s\u00e3o vendidas \u00e1guas florais falsificadas, n\u00e3o se tratando de um produto aut\u00eantico. Tratam-se de \u00e1guas destiladas aromatizadas com subst\u00e2ncias sint\u00e9ticas que n\u00e3o trazem benef\u00edcios \u00e0 pele. Caso utilize \u00e1guas falsificadas, n\u00e3o beneficiar\u00e1 das propriedades que cont\u00e9m uma \u00e1gua floral aut\u00eantica. &nbsp;<\/div>\n","protected":false},"excerpt":{"rendered":"<div>Hidrolato de alecrim em flor proveniente da Agricultura Org\u00e2nica. Recomendado para melhorar a oxigena\u00e7\u00e3o da pele e para pele com flacidez e sem t\u00f3nus. &nbsp;<\/div>\n<div>Proporciona vitalidade, energia e otimismo. &nbsp;<\/div>\n<div>Sinta os benef\u00edcios dos hidrolatos aut\u00eanticos na sua pele e nas suas emo\u00e7\u00f5es. &nbsp;<\/div>\n","protected":false},"featured_media":13006,"comment_status":"open","ping_status":"closed","template":"","meta":{"_acf_changed":false,"rs_blank_template":"","rs_page_bg_color":"","slide_template_v7":""},"product_brand":[],"product_cat":[308,356,435,341,362],"product_tag":[],"class_list":{"0":"post-13005","1":"product","2":"type-product","3":"status-publish","4":"has-post-thumbnail","6":"product_cat-aromaterapia","7":"product_cat-facial","8":"product_cat-hidrossois-aromaticos-ou-aguas-florais","9":"product_cat-precisa","10":"product_cat-tipo-de-pele","12":"first","13":"instock","14":"shipping-taxable","15":"purchasable","16":"product-type-simple"},"acf":[],"_links":{"self":[{"href":"https:\/\/esentialaroms.com\/pt-pt\/wp-json\/wp\/v2\/product\/13005","targetHints":{"allow":["GET"]}}],"collection":[{"href":"https:\/\/esentialaroms.com\/pt-pt\/wp-json\/wp\/v2\/product"}],"about":[{"href":"https:\/\/esentialaroms.com\/pt-pt\/wp-json\/wp\/v2\/types\/product"}],"replies":[{"embeddable":true,"href":"https:\/\/esentialaroms.com\/pt-pt\/wp-json\/wp\/v2\/comments?post=13005"}],"version-history":[{"count":1,"href":"https:\/\/esentialaroms.com\/pt-pt\/wp-json\/wp\/v2\/product\/13005\/revisions"}],"predecessor-version":[{"id":13008,"href":"https:\/\/esentialaroms.com\/pt-pt\/wp-json\/wp\/v2\/product\/13005\/revisions\/13008"}],"wp:featuredmedia":[{"embeddable":true,"href":"https:\/\/esentialaroms.com\/pt-pt\/wp-json\/wp\/v2\/media\/13006"}],"wp:attachment":[{"href":"https:\/\/esentialaroms.com\/pt-pt\/wp-json\/wp\/v2\/media?parent=13005"}],"wp:term":[{"taxonomy":"product_brand","embeddable":true,"href":"https:\/\/esentialaroms.com\/pt-pt\/wp-json\/wp\/v2\/product_brand?post=13005"},{"taxonomy":"product_cat","embeddable":true,"href":"https:\/\/esentialaroms.com\/pt-pt\/wp-json\/wp\/v2\/product_cat?post=13005"},{"taxonomy":"product_tag","embeddable":true,"href":"https:\/\/esentialaroms.com\/pt-pt\/wp-json\/wp\/v2\/product_tag?post=13005"}],"curies":[{"name":"wp","href":"https:\/\/api.w.org\/{rel}","templated":true}]}}