{"id":12870,"date":"2026-05-07T13:06:47","date_gmt":"2026-05-07T11:06:47","guid":{"rendered":"https:\/\/esentialaroms.com\/productos\/locion-limpiadora-manzanilla-2\/"},"modified":"2026-05-07T14:22:18","modified_gmt":"2026-05-07T12:22:18","slug":"locion-limpiadora-manzanilla-2","status":"publish","type":"product","link":"https:\/\/esentialaroms.com\/pt-pt\/productos\/locion-limpiadora-manzanilla-2\/","title":{"rendered":"LO\u00c7\u00c3O LIMPEZA CAMOMILA"},"content":{"rendered":"","protected":false},"excerpt":{"rendered":"<div>A lo\u00e7\u00e3o de limpeza de camomila \u00e9 uma f\u00f3rmula adaptada \u00e0s necessidades espec\u00edficas das peles sens\u00edveis. Limpa (rosto, olhos e l\u00e1bios), acalma, equilibra, reduz a sensibilidade, a vermelhid\u00e3o e a tens\u00e3o, e pode ser utilizada em todos os tipos de pele. &nbsp;<\/div>\n","protected":false},"featured_media":12871,"comment_status":"open","ping_status":"closed","template":"","meta":{"_acf_changed":false,"rs_blank_template":"","rs_page_bg_color":"","slide_template_v7":""},"product_brand":[],"product_cat":[557,359,459,356,323,341,362],"product_tag":[],"class_list":{"0":"post-12870","1":"product","2":"type-product","3":"status-publish","4":"has-post-thumbnail","6":"product_cat-best-sellers","7":"product_cat-cuidados-com-a-pele","8":"product_cat-dermoesential","9":"product_cat-facial","10":"product_cat-familias","11":"product_cat-precisa","12":"product_cat-tipo-de-pele","14":"first","15":"instock","16":"shipping-taxable","17":"purchasable","18":"product-type-simple"},"acf":[],"_links":{"self":[{"href":"https:\/\/esentialaroms.com\/pt-pt\/wp-json\/wp\/v2\/product\/12870","targetHints":{"allow":["GET"]}}],"collection":[{"href":"https:\/\/esentialaroms.com\/pt-pt\/wp-json\/wp\/v2\/product"}],"about":[{"href":"https:\/\/esentialaroms.com\/pt-pt\/wp-json\/wp\/v2\/types\/product"}],"replies":[{"embeddable":true,"href":"https:\/\/esentialaroms.com\/pt-pt\/wp-json\/wp\/v2\/comments?post=12870"}],"version-history":[{"count":1,"href":"https:\/\/esentialaroms.com\/pt-pt\/wp-json\/wp\/v2\/product\/12870\/revisions"}],"predecessor-version":[{"id":12873,"href":"https:\/\/esentialaroms.com\/pt-pt\/wp-json\/wp\/v2\/product\/12870\/revisions\/12873"}],"wp:featuredmedia":[{"embeddable":true,"href":"https:\/\/esentialaroms.com\/pt-pt\/wp-json\/wp\/v2\/media\/12871"}],"wp:attachment":[{"href":"https:\/\/esentialaroms.com\/pt-pt\/wp-json\/wp\/v2\/media?parent=12870"}],"wp:term":[{"taxonomy":"product_brand","embeddable":true,"href":"https:\/\/esentialaroms.com\/pt-pt\/wp-json\/wp\/v2\/product_brand?post=12870"},{"taxonomy":"product_cat","embeddable":true,"href":"https:\/\/esentialaroms.com\/pt-pt\/wp-json\/wp\/v2\/product_cat?post=12870"},{"taxonomy":"product_tag","embeddable":true,"href":"https:\/\/esentialaroms.com\/pt-pt\/wp-json\/wp\/v2\/product_tag?post=12870"}],"curies":[{"name":"wp","href":"https:\/\/api.w.org\/{rel}","templated":true}]}}