{"id":12757,"date":"2026-05-07T13:06:12","date_gmt":"2026-05-07T11:06:12","guid":{"rendered":"https:\/\/esentialaroms.com\/productos\/aceite-de-masaje-estrias-control-500-ml-2\/"},"modified":"2026-05-07T14:22:16","modified_gmt":"2026-05-07T12:22:16","slug":"aceite-de-masaje-estrias-control-500-ml-2","status":"publish","type":"product","link":"https:\/\/esentialaroms.com\/pt-pt\/productos\/aceite-de-masaje-estrias-control-500-ml-2\/","title":{"rendered":"\u00d3leo de massagem ESTR\u00cdAS CONTROL 500 ml"},"content":{"rendered":"<div>A massagem aromaterap\u00eautica constitui uma oportunidade de transforma\u00e7\u00e3o pessoal, uma ferramenta \u00fanica para a sa\u00fade do corpo e da mente. &nbsp;<\/div>\n","protected":false},"excerpt":{"rendered":"<div>Melhora a elasticidade da pele do ventre. &nbsp;<\/div>\n<div>Os \u00f3leos vegetais inclu\u00eddos neste \u00f3leo corporal s\u00e3o de primeira prensagem a frio e proporcionam \u00e0 pele uma grande riqueza em \u00e1cidos gordos essenciais O-3, O-6 e O-9, bem como ceramidas vegetais provenientes do \u00f3leo de jojoba. Tudo isto contribui para regenerar, hidratar em profundidade e aumentar a elasticidade da pele. &nbsp;<\/div>\n","protected":false},"featured_media":12758,"comment_status":"open","ping_status":"closed","template":"","meta":{"_acf_changed":false,"rs_blank_template":"","rs_page_bg_color":"","slide_template_v7":""},"product_brand":[],"product_cat":[504,507,464,323,341],"product_tag":[],"class_list":{"0":"post-12757","1":"product","2":"type-product","3":"status-publish","4":"has-post-thumbnail","6":"product_cat-corporalmente","7":"product_cat-cuidados-com-o-corpo","8":"product_cat-esentialwoman","9":"product_cat-familias","10":"product_cat-precisa","12":"first","13":"instock","14":"shipping-taxable","15":"purchasable","16":"product-type-simple"},"acf":[],"_links":{"self":[{"href":"https:\/\/esentialaroms.com\/pt-pt\/wp-json\/wp\/v2\/product\/12757","targetHints":{"allow":["GET"]}}],"collection":[{"href":"https:\/\/esentialaroms.com\/pt-pt\/wp-json\/wp\/v2\/product"}],"about":[{"href":"https:\/\/esentialaroms.com\/pt-pt\/wp-json\/wp\/v2\/types\/product"}],"replies":[{"embeddable":true,"href":"https:\/\/esentialaroms.com\/pt-pt\/wp-json\/wp\/v2\/comments?post=12757"}],"version-history":[{"count":1,"href":"https:\/\/esentialaroms.com\/pt-pt\/wp-json\/wp\/v2\/product\/12757\/revisions"}],"predecessor-version":[{"id":12759,"href":"https:\/\/esentialaroms.com\/pt-pt\/wp-json\/wp\/v2\/product\/12757\/revisions\/12759"}],"wp:featuredmedia":[{"embeddable":true,"href":"https:\/\/esentialaroms.com\/pt-pt\/wp-json\/wp\/v2\/media\/12758"}],"wp:attachment":[{"href":"https:\/\/esentialaroms.com\/pt-pt\/wp-json\/wp\/v2\/media?parent=12757"}],"wp:term":[{"taxonomy":"product_brand","embeddable":true,"href":"https:\/\/esentialaroms.com\/pt-pt\/wp-json\/wp\/v2\/product_brand?post=12757"},{"taxonomy":"product_cat","embeddable":true,"href":"https:\/\/esentialaroms.com\/pt-pt\/wp-json\/wp\/v2\/product_cat?post=12757"},{"taxonomy":"product_tag","embeddable":true,"href":"https:\/\/esentialaroms.com\/pt-pt\/wp-json\/wp\/v2\/product_tag?post=12757"}],"curies":[{"name":"wp","href":"https:\/\/api.w.org\/{rel}","templated":true}]}}