{"id":12746,"date":"2026-05-07T13:06:09","date_gmt":"2026-05-07T11:06:09","guid":{"rendered":"https:\/\/esentialaroms.com\/productos\/aceite-de-masaje-senos-firmes-500-ml-2\/"},"modified":"2026-05-07T14:22:15","modified_gmt":"2026-05-07T12:22:15","slug":"aceite-de-masaje-senos-firmes-500-ml-2","status":"publish","type":"product","link":"https:\/\/esentialaroms.com\/pt-pt\/productos\/aceite-de-masaje-senos-firmes-500-ml-2\/","title":{"rendered":"\u00d3leo de massagem SEIOS FIRMES 500 ml"},"content":{"rendered":"<div>A massagem aromaterap\u00eautica constitui uma oportunidade de transforma\u00e7\u00e3o pessoal, uma ferramenta \u00fanica para a sa\u00fade do corpo e da mente. O \u00d3leo de Massagem para Firmeza dos Seios ajuda a tonificar e reafirmar os seios. &nbsp;<\/div>\n","protected":false},"excerpt":{"rendered":"<div>Ajuda a tonificar e reafirmar os seios. &nbsp;<\/div>\n<div>\u00d3leos vegetais de primeira prensagem a frio de avel\u00e3, noz de alperce, onagra, s\u00e9samo e girassol; \u00f3leos essenciais (O.E.B.B.D.*) de ger\u00e2nio, amaro, capim-lim\u00e3o, ylang-ylang obtidos por destila\u00e7\u00e3o completa e rosa da Bulg\u00e1ria. *\u00d3leos Essenciais Bot\u00e2nica e Bioquimiamente Definidos. &nbsp;<\/div>\n<div>Os \u00f3leos arom\u00e1ticos para massagem que oferecemos s\u00e3o compostos por uma base vegetal ou \u00f3leo veicular de primeira prensagem a frio \u00abfrutado\u00bb, onde foi dilu\u00edda uma mistura de \u00f3leos essenciais bot\u00e2nicos e bioquimicamente definidos espec\u00edficos para obter um efeito de conforto e bem-estar. &nbsp;<\/div>\n","protected":false},"featured_media":12747,"comment_status":"open","ping_status":"closed","template":"","meta":{"_acf_changed":false,"rs_blank_template":"","rs_page_bg_color":"","slide_template_v7":""},"product_brand":[],"product_cat":[464,323],"product_tag":[],"class_list":{"0":"post-12746","1":"product","2":"type-product","3":"status-publish","4":"has-post-thumbnail","6":"product_cat-esentialwoman","7":"product_cat-familias","9":"first","10":"instock","11":"shipping-taxable","12":"purchasable","13":"product-type-simple"},"acf":[],"_links":{"self":[{"href":"https:\/\/esentialaroms.com\/pt-pt\/wp-json\/wp\/v2\/product\/12746","targetHints":{"allow":["GET"]}}],"collection":[{"href":"https:\/\/esentialaroms.com\/pt-pt\/wp-json\/wp\/v2\/product"}],"about":[{"href":"https:\/\/esentialaroms.com\/pt-pt\/wp-json\/wp\/v2\/types\/product"}],"replies":[{"embeddable":true,"href":"https:\/\/esentialaroms.com\/pt-pt\/wp-json\/wp\/v2\/comments?post=12746"}],"version-history":[{"count":1,"href":"https:\/\/esentialaroms.com\/pt-pt\/wp-json\/wp\/v2\/product\/12746\/revisions"}],"predecessor-version":[{"id":12748,"href":"https:\/\/esentialaroms.com\/pt-pt\/wp-json\/wp\/v2\/product\/12746\/revisions\/12748"}],"wp:featuredmedia":[{"embeddable":true,"href":"https:\/\/esentialaroms.com\/pt-pt\/wp-json\/wp\/v2\/media\/12747"}],"wp:attachment":[{"href":"https:\/\/esentialaroms.com\/pt-pt\/wp-json\/wp\/v2\/media?parent=12746"}],"wp:term":[{"taxonomy":"product_brand","embeddable":true,"href":"https:\/\/esentialaroms.com\/pt-pt\/wp-json\/wp\/v2\/product_brand?post=12746"},{"taxonomy":"product_cat","embeddable":true,"href":"https:\/\/esentialaroms.com\/pt-pt\/wp-json\/wp\/v2\/product_cat?post=12746"},{"taxonomy":"product_tag","embeddable":true,"href":"https:\/\/esentialaroms.com\/pt-pt\/wp-json\/wp\/v2\/product_tag?post=12746"}],"curies":[{"name":"wp","href":"https:\/\/api.w.org\/{rel}","templated":true}]}}