{"id":12735,"date":"2026-05-07T13:06:06","date_gmt":"2026-05-07T11:06:06","guid":{"rendered":"https:\/\/esentialaroms.com\/productos\/aceite-de-masaje-celulit-control-1-litro-2\/"},"modified":"2026-05-07T14:22:15","modified_gmt":"2026-05-07T12:22:15","slug":"aceite-de-masaje-celulit-control-1-litro-2","status":"publish","type":"product","link":"https:\/\/esentialaroms.com\/pt-pt\/productos\/aceite-de-masaje-celulit-control-1-litro-2\/","title":{"rendered":"\u00d3leo de massagem CONTROLO DA CELULITE 1 litro"},"content":{"rendered":"<div>A massagem aromaterap\u00eautica constitui uma oportunidade de transforma\u00e7\u00e3o pessoal, uma ferramenta \u00fanica para a sa\u00fade do corpo e da mente. O \u00f3leo de massagem anticelulite ir\u00e1 ajud\u00e1-lo a definir a sua silhueta. &nbsp;<\/div>\n","protected":false},"excerpt":{"rendered":"<div>Ajuda a definir a sua silhueta. &nbsp;<\/div>\n<div>\u00d3leos vegetais de primeira prensagem a frio de macad\u00e2mia, s\u00e9samo, girassol, am\u00eandoa e avel\u00e3; extratos lip\u00eddicos ou macerados de Fucus vesiculosus e hera; \u00f3leos essenciais (O.E.B.B.D.*) de palmarosa, abeto da Sib\u00e9ria, eucalipto, salva, cipreste, cajeput, cenoura, louro, zimbro, ger\u00e2nio e capim-lim\u00e3o; vitamina E natural. *\u00d3leos Essenciais Bot\u00e2nica e Bioquimiamente Definidos. &nbsp;<\/div>\n<div>Os \u00f3leos arom\u00e1ticos para massagem que oferecemos s\u00e3o compostos por uma base vegetal ou \u00f3leo veicular de 1.\u00aa prensagem a frio \u00abfrutado\u00bb, onde foi dilu\u00edda uma mistura de \u00f3leos essenciais bot\u00e2nicos e bioquimicamente definidos espec\u00edficos para obter um efeito de conforto e bem-estar. &nbsp;<\/div>\n","protected":false},"featured_media":12736,"comment_status":"open","ping_status":"closed","template":"","meta":{"_acf_changed":false,"rs_blank_template":"","rs_page_bg_color":"","slide_template_v7":""},"product_brand":[],"product_cat":[446,464,323],"product_tag":[],"class_list":{"0":"post-12735","1":"product","2":"type-product","3":"status-publish","4":"has-post-thumbnail","6":"product_cat-anticelulitis","7":"product_cat-esentialwoman","8":"product_cat-familias","10":"first","11":"instock","12":"shipping-taxable","13":"purchasable","14":"product-type-simple"},"acf":[],"_links":{"self":[{"href":"https:\/\/esentialaroms.com\/pt-pt\/wp-json\/wp\/v2\/product\/12735","targetHints":{"allow":["GET"]}}],"collection":[{"href":"https:\/\/esentialaroms.com\/pt-pt\/wp-json\/wp\/v2\/product"}],"about":[{"href":"https:\/\/esentialaroms.com\/pt-pt\/wp-json\/wp\/v2\/types\/product"}],"replies":[{"embeddable":true,"href":"https:\/\/esentialaroms.com\/pt-pt\/wp-json\/wp\/v2\/comments?post=12735"}],"version-history":[{"count":1,"href":"https:\/\/esentialaroms.com\/pt-pt\/wp-json\/wp\/v2\/product\/12735\/revisions"}],"predecessor-version":[{"id":12737,"href":"https:\/\/esentialaroms.com\/pt-pt\/wp-json\/wp\/v2\/product\/12735\/revisions\/12737"}],"wp:featuredmedia":[{"embeddable":true,"href":"https:\/\/esentialaroms.com\/pt-pt\/wp-json\/wp\/v2\/media\/12736"}],"wp:attachment":[{"href":"https:\/\/esentialaroms.com\/pt-pt\/wp-json\/wp\/v2\/media?parent=12735"}],"wp:term":[{"taxonomy":"product_brand","embeddable":true,"href":"https:\/\/esentialaroms.com\/pt-pt\/wp-json\/wp\/v2\/product_brand?post=12735"},{"taxonomy":"product_cat","embeddable":true,"href":"https:\/\/esentialaroms.com\/pt-pt\/wp-json\/wp\/v2\/product_cat?post=12735"},{"taxonomy":"product_tag","embeddable":true,"href":"https:\/\/esentialaroms.com\/pt-pt\/wp-json\/wp\/v2\/product_tag?post=12735"}],"curies":[{"name":"wp","href":"https:\/\/api.w.org\/{rel}","templated":true}]}}