{"id":12713,"date":"2026-05-07T13:05:59","date_gmt":"2026-05-07T11:05:59","guid":{"rendered":"https:\/\/esentialaroms.com\/productos\/aceite-de-masaje-arnica-reflex-1-litro-2\/"},"modified":"2026-05-07T14:22:15","modified_gmt":"2026-05-07T12:22:15","slug":"aceite-de-masaje-arnica-reflex-1-litro-2","status":"publish","type":"product","link":"https:\/\/esentialaroms.com\/pt-pt\/productos\/aceite-de-masaje-arnica-reflex-1-litro-2\/","title":{"rendered":"\u00d3leo de massagem ARNICA-REFLEX 1 litro"},"content":{"rendered":"<div>A massagem aromaterap\u00eautica constitui uma oportunidade de transforma\u00e7\u00e3o pessoal, uma ferramenta \u00fanica para a sa\u00fade do corpo e da mente. O \u00f3leo de massagem para a nuca e costas deve ser aplicado quando a tens\u00e3o e o stress se somatizam em contraturas na zona cervical, dorsal e ao longo das costas. &nbsp;<\/div>\n","protected":false},"excerpt":{"rendered":"<div>O \u00f3leo de massagem aromaterap\u00eautico ARNICA-REFLEX cont\u00e9m \u00f3leos essenciais de ravesara arom\u00e1tica, folhas de laranjeira, eucalipto citriodora, camomila romana e palmarosa. Todos eles est\u00e3o associados a uma sinergia de \u00f3leos vegetais virgens com propriedades espec\u00edficas, tais como macad\u00e2mia, s\u00e9samo, girassol e extrato lip\u00eddico de arnica montana. &nbsp;<\/div>\n","protected":false},"featured_media":12714,"comment_status":"open","ping_status":"closed","template":"","meta":{"_acf_changed":false,"rs_blank_template":"","rs_page_bg_color":"","slide_template_v7":""},"product_brand":[],"product_cat":[522,323,479,368,540,365,341],"product_tag":[],"class_list":{"0":"post-12713","1":"product","2":"type-product","3":"status-publish","4":"has-post-thumbnail","6":"product_cat-atletas","7":"product_cat-familias","8":"product_cat-massage-oil","9":"product_cat-massagem-anti-stress-e-anti-fadiga","10":"product_cat-massagem-para-adultos","11":"product_cat-massagens-terapeuticas","12":"product_cat-precisa","14":"first","15":"instock","16":"shipping-taxable","17":"purchasable","18":"product-type-simple"},"acf":[],"_links":{"self":[{"href":"https:\/\/esentialaroms.com\/pt-pt\/wp-json\/wp\/v2\/product\/12713","targetHints":{"allow":["GET"]}}],"collection":[{"href":"https:\/\/esentialaroms.com\/pt-pt\/wp-json\/wp\/v2\/product"}],"about":[{"href":"https:\/\/esentialaroms.com\/pt-pt\/wp-json\/wp\/v2\/types\/product"}],"replies":[{"embeddable":true,"href":"https:\/\/esentialaroms.com\/pt-pt\/wp-json\/wp\/v2\/comments?post=12713"}],"version-history":[{"count":1,"href":"https:\/\/esentialaroms.com\/pt-pt\/wp-json\/wp\/v2\/product\/12713\/revisions"}],"predecessor-version":[{"id":12715,"href":"https:\/\/esentialaroms.com\/pt-pt\/wp-json\/wp\/v2\/product\/12713\/revisions\/12715"}],"wp:featuredmedia":[{"embeddable":true,"href":"https:\/\/esentialaroms.com\/pt-pt\/wp-json\/wp\/v2\/media\/12714"}],"wp:attachment":[{"href":"https:\/\/esentialaroms.com\/pt-pt\/wp-json\/wp\/v2\/media?parent=12713"}],"wp:term":[{"taxonomy":"product_brand","embeddable":true,"href":"https:\/\/esentialaroms.com\/pt-pt\/wp-json\/wp\/v2\/product_brand?post=12713"},{"taxonomy":"product_cat","embeddable":true,"href":"https:\/\/esentialaroms.com\/pt-pt\/wp-json\/wp\/v2\/product_cat?post=12713"},{"taxonomy":"product_tag","embeddable":true,"href":"https:\/\/esentialaroms.com\/pt-pt\/wp-json\/wp\/v2\/product_tag?post=12713"}],"curies":[{"name":"wp","href":"https:\/\/api.w.org\/{rel}","templated":true}]}}