{"id":12702,"date":"2026-05-07T13:05:56","date_gmt":"2026-05-07T11:05:56","guid":{"rendered":"https:\/\/esentialaroms.com\/productos\/aceite-de-masaje-sensual-1-litro-2\/"},"modified":"2026-05-07T14:22:14","modified_gmt":"2026-05-07T12:22:14","slug":"aceite-de-masaje-sensual-1-litro-2","status":"publish","type":"product","link":"https:\/\/esentialaroms.com\/pt-pt\/productos\/aceite-de-masaje-sensual-1-litro-2\/","title":{"rendered":"\u00d3leo de massagem SENSUAL 1 litro"},"content":{"rendered":"<div>A massagem aromaterap\u00eautica constitui uma oportunidade de transforma\u00e7\u00e3o pessoal, uma ferramenta \u00fanica para a sa\u00fade do corpo e da mente. A Massagem Sensual estimula a comunica\u00e7\u00e3o do casal, predisp\u00f5e-nos a abrir-nos ao nosso parceiro, ajuda-nos a relaxar e a desligar-nos das preocupa\u00e7\u00f5es di\u00e1rias, facilitando a comunica\u00e7\u00e3o e o prazer do momento presente. &nbsp;<\/div>\n","protected":false},"excerpt":{"rendered":"<div>O \u00f3leo de massagem aromaterap\u00eautico SENSUAL cont\u00e9m \u00f3leos essenciais espec\u00edficos para estimular a libido, como gengibre, ylang-ylang, noz-moscada e casca de canela. Al\u00e9m disso, cont\u00e9m um grande estimulante do humor, que \u00e9 a ess\u00eancia da casca de laranja. Todos eles est\u00e3o associados a uma sinergia de \u00f3leos vegetais virgens com propriedades espec\u00edficas, como a noz de macad\u00e2mia, o gergelim e o girassol. &nbsp;<\/div>\n","protected":false},"featured_media":12703,"comment_status":"open","ping_status":"closed","template":"","meta":{"_acf_changed":false,"rs_blank_template":"","rs_page_bg_color":"","slide_template_v7":""},"product_brand":[],"product_cat":[323,479,540,365,341],"product_tag":[],"class_list":{"0":"post-12702","1":"product","2":"type-product","3":"status-publish","4":"has-post-thumbnail","6":"product_cat-familias","7":"product_cat-massage-oil","8":"product_cat-massagem-para-adultos","9":"product_cat-massagens-terapeuticas","10":"product_cat-precisa","12":"first","13":"instock","14":"shipping-taxable","15":"purchasable","16":"product-type-simple"},"acf":[],"_links":{"self":[{"href":"https:\/\/esentialaroms.com\/pt-pt\/wp-json\/wp\/v2\/product\/12702","targetHints":{"allow":["GET"]}}],"collection":[{"href":"https:\/\/esentialaroms.com\/pt-pt\/wp-json\/wp\/v2\/product"}],"about":[{"href":"https:\/\/esentialaroms.com\/pt-pt\/wp-json\/wp\/v2\/types\/product"}],"replies":[{"embeddable":true,"href":"https:\/\/esentialaroms.com\/pt-pt\/wp-json\/wp\/v2\/comments?post=12702"}],"version-history":[{"count":1,"href":"https:\/\/esentialaroms.com\/pt-pt\/wp-json\/wp\/v2\/product\/12702\/revisions"}],"predecessor-version":[{"id":12704,"href":"https:\/\/esentialaroms.com\/pt-pt\/wp-json\/wp\/v2\/product\/12702\/revisions\/12704"}],"wp:featuredmedia":[{"embeddable":true,"href":"https:\/\/esentialaroms.com\/pt-pt\/wp-json\/wp\/v2\/media\/12703"}],"wp:attachment":[{"href":"https:\/\/esentialaroms.com\/pt-pt\/wp-json\/wp\/v2\/media?parent=12702"}],"wp:term":[{"taxonomy":"product_brand","embeddable":true,"href":"https:\/\/esentialaroms.com\/pt-pt\/wp-json\/wp\/v2\/product_brand?post=12702"},{"taxonomy":"product_cat","embeddable":true,"href":"https:\/\/esentialaroms.com\/pt-pt\/wp-json\/wp\/v2\/product_cat?post=12702"},{"taxonomy":"product_tag","embeddable":true,"href":"https:\/\/esentialaroms.com\/pt-pt\/wp-json\/wp\/v2\/product_tag?post=12702"}],"curies":[{"name":"wp","href":"https:\/\/api.w.org\/{rel}","templated":true}]}}