{"id":12691,"date":"2026-05-07T13:05:53","date_gmt":"2026-05-07T11:05:53","guid":{"rendered":"https:\/\/esentialaroms.com\/productos\/aceite-de-masaje-relax-1-litro-2\/"},"modified":"2026-05-07T14:22:14","modified_gmt":"2026-05-07T12:22:14","slug":"aceite-de-masaje-relax-1-litro-2","status":"publish","type":"product","link":"https:\/\/esentialaroms.com\/pt-pt\/productos\/aceite-de-masaje-relax-1-litro-2\/","title":{"rendered":"\u00d3leo de massagem RELAX 1 litro"},"content":{"rendered":"<div>A massagem aromaterap\u00eautica constitui uma oportunidade de transforma\u00e7\u00e3o pessoal, uma ferramenta \u00fanica para a sa\u00fade do corpo e da mente. O \u00d3leo de Massagem Relax cont\u00e9m \u00f3leos essenciais com propriedades calmantes e tonificantes do sistema nervoso, que facilitam uma respira\u00e7\u00e3o saud\u00e1vel, permitindo-nos descontrair e relaxar de forma f\u00e1cil e eficaz. &nbsp;<\/div>\n","protected":false},"excerpt":{"rendered":"<div>O \u00f3leo de massagem aromaterap\u00eautico RELAX cont\u00e9m \u00f3leos essenciais espec\u00edficos para tratar o stress, a tens\u00e3o nervosa e a ansiedade, tais como os \u00f3leos essenciais de laranjeira-folhas, lavanda, camomila romana e palmarosa. Todos eles est\u00e3o associados a uma sinergia de \u00f3leos vegetais virgens com propriedades espec\u00edficas, tais como macad\u00e2mia, s\u00e9samo e girassol. &nbsp;<\/div>\n","protected":false},"featured_media":12692,"comment_status":"open","ping_status":"closed","template":"","meta":{"_acf_changed":false,"rs_blank_template":"","rs_page_bg_color":"","slide_template_v7":""},"product_brand":[],"product_cat":[359,356,323,479,368,540,365,341],"product_tag":[],"class_list":{"0":"post-12691","1":"product","2":"type-product","3":"status-publish","4":"has-post-thumbnail","6":"product_cat-cuidados-com-a-pele","7":"product_cat-facial","8":"product_cat-familias","9":"product_cat-massage-oil","10":"product_cat-massagem-anti-stress-e-anti-fadiga","11":"product_cat-massagem-para-adultos","12":"product_cat-massagens-terapeuticas","13":"product_cat-precisa","15":"first","16":"instock","17":"shipping-taxable","18":"purchasable","19":"product-type-simple"},"acf":[],"_links":{"self":[{"href":"https:\/\/esentialaroms.com\/pt-pt\/wp-json\/wp\/v2\/product\/12691","targetHints":{"allow":["GET"]}}],"collection":[{"href":"https:\/\/esentialaroms.com\/pt-pt\/wp-json\/wp\/v2\/product"}],"about":[{"href":"https:\/\/esentialaroms.com\/pt-pt\/wp-json\/wp\/v2\/types\/product"}],"replies":[{"embeddable":true,"href":"https:\/\/esentialaroms.com\/pt-pt\/wp-json\/wp\/v2\/comments?post=12691"}],"version-history":[{"count":1,"href":"https:\/\/esentialaroms.com\/pt-pt\/wp-json\/wp\/v2\/product\/12691\/revisions"}],"predecessor-version":[{"id":12693,"href":"https:\/\/esentialaroms.com\/pt-pt\/wp-json\/wp\/v2\/product\/12691\/revisions\/12693"}],"wp:featuredmedia":[{"embeddable":true,"href":"https:\/\/esentialaroms.com\/pt-pt\/wp-json\/wp\/v2\/media\/12692"}],"wp:attachment":[{"href":"https:\/\/esentialaroms.com\/pt-pt\/wp-json\/wp\/v2\/media?parent=12691"}],"wp:term":[{"taxonomy":"product_brand","embeddable":true,"href":"https:\/\/esentialaroms.com\/pt-pt\/wp-json\/wp\/v2\/product_brand?post=12691"},{"taxonomy":"product_cat","embeddable":true,"href":"https:\/\/esentialaroms.com\/pt-pt\/wp-json\/wp\/v2\/product_cat?post=12691"},{"taxonomy":"product_tag","embeddable":true,"href":"https:\/\/esentialaroms.com\/pt-pt\/wp-json\/wp\/v2\/product_tag?post=12691"}],"curies":[{"name":"wp","href":"https:\/\/api.w.org\/{rel}","templated":true}]}}