{"id":12679,"date":"2026-05-07T13:05:49","date_gmt":"2026-05-07T11:05:49","guid":{"rendered":"https:\/\/esentialaroms.com\/productos\/piernas-bienestar-2\/"},"modified":"2026-05-07T14:22:14","modified_gmt":"2026-05-07T12:22:14","slug":"piernas-bienestar-2","status":"publish","type":"product","link":"https:\/\/esentialaroms.com\/pt-pt\/productos\/piernas-bienestar-2\/","title":{"rendered":"PIERNAS bienestar"},"content":{"rendered":"<div>A massagem aromaterap\u00eautica constitui uma oportunidade de transforma\u00e7\u00e3o pessoal, uma ferramenta \u00fanica para a sa\u00fade do corpo e da mente. Atrav\u00e9s da automassagem aromaterap\u00eautica pernas, vamos tentar tonificar o sistema venoso e favorecer um bom descanso para as pernas pesadas. &nbsp;<\/div>\n","protected":false},"excerpt":{"rendered":"<div>Tonifica o sistema venoso e favorece um bom descanso para as pernas pesadas. &nbsp;<\/div>\n<div>\u00d3leos vegetais de 1.\u00aa press\u00e3o a frio de macad\u00e2mia, s\u00e9samo e girassol; \u00f3leos essenciais (O.E.B.B.D.**)de cipreste, alecrim 1,8 cineol, lavandin, tomilho, hortel\u00e3-pimenta, abeto siberiano e esteva. &nbsp;<\/div>\n<div>Os \u00f3leos de massagem arom\u00e1ticos que dispomos t\u00eam uma base vegetal ou \u00f3leo veicular de 1.\u00aa press\u00e3o a frio \u201cafrutado\u201d onde se diluiu uma mescla de \u00f3leos essenciais (O.E.B.B.D.**: \u00d3leos Essenciais Bot\u00e2nica e Bioquimicamente Definidos) espec\u00edficos para se obter conforto e bem-estar. &nbsp;<\/div>\n","protected":false},"featured_media":12680,"comment_status":"open","ping_status":"closed","template":"","meta":{"_acf_changed":false,"rs_blank_template":"","rs_page_bg_color":"","slide_template_v7":""},"product_brand":[],"product_cat":[522,504,464,323,540,365,513,341],"product_tag":[],"class_list":{"0":"post-12679","1":"product","2":"type-product","3":"status-publish","4":"has-post-thumbnail","6":"product_cat-atletas","7":"product_cat-corporalmente","8":"product_cat-esentialwoman","9":"product_cat-familias","10":"product_cat-massagem-para-adultos","11":"product_cat-massagens-terapeuticas","12":"product_cat-pernas-e-pes","13":"product_cat-precisa","15":"first","16":"instock","17":"shipping-taxable","18":"purchasable","19":"product-type-simple"},"acf":[],"_links":{"self":[{"href":"https:\/\/esentialaroms.com\/pt-pt\/wp-json\/wp\/v2\/product\/12679","targetHints":{"allow":["GET"]}}],"collection":[{"href":"https:\/\/esentialaroms.com\/pt-pt\/wp-json\/wp\/v2\/product"}],"about":[{"href":"https:\/\/esentialaroms.com\/pt-pt\/wp-json\/wp\/v2\/types\/product"}],"replies":[{"embeddable":true,"href":"https:\/\/esentialaroms.com\/pt-pt\/wp-json\/wp\/v2\/comments?post=12679"}],"version-history":[{"count":1,"href":"https:\/\/esentialaroms.com\/pt-pt\/wp-json\/wp\/v2\/product\/12679\/revisions"}],"predecessor-version":[{"id":12682,"href":"https:\/\/esentialaroms.com\/pt-pt\/wp-json\/wp\/v2\/product\/12679\/revisions\/12682"}],"wp:featuredmedia":[{"embeddable":true,"href":"https:\/\/esentialaroms.com\/pt-pt\/wp-json\/wp\/v2\/media\/12680"}],"wp:attachment":[{"href":"https:\/\/esentialaroms.com\/pt-pt\/wp-json\/wp\/v2\/media?parent=12679"}],"wp:term":[{"taxonomy":"product_brand","embeddable":true,"href":"https:\/\/esentialaroms.com\/pt-pt\/wp-json\/wp\/v2\/product_brand?post=12679"},{"taxonomy":"product_cat","embeddable":true,"href":"https:\/\/esentialaroms.com\/pt-pt\/wp-json\/wp\/v2\/product_cat?post=12679"},{"taxonomy":"product_tag","embeddable":true,"href":"https:\/\/esentialaroms.com\/pt-pt\/wp-json\/wp\/v2\/product_tag?post=12679"}],"curies":[{"name":"wp","href":"https:\/\/api.w.org\/{rel}","templated":true}]}}