{"id":12664,"date":"2026-05-07T13:05:46","date_gmt":"2026-05-07T11:05:46","guid":{"rendered":"https:\/\/esentialaroms.com\/productos\/vientre-plano-2\/"},"modified":"2026-05-07T14:22:13","modified_gmt":"2026-05-07T12:22:13","slug":"vientre-plano-2","status":"publish","type":"product","link":"https:\/\/esentialaroms.com\/pt-pt\/productos\/vientre-plano-2\/","title":{"rendered":"VENTRE plano"},"content":{"rendered":"<div>A massagem aromaterap\u00eautica \u00e9 uma oportunidade de transforma\u00e7\u00e3o pessoal, uma ferramenta \u00fanica para a sa\u00fade do corpo e da mente. O \u00d3leo de Massagem Ventre Plano ir\u00e1 ajud\u00e1-lo a diminuir a dilata\u00e7\u00e3o abdominal e facilitar\u00e1 a elimina\u00e7\u00e3o da gordura acumulada. &nbsp;<\/div>\n","protected":false},"excerpt":{"rendered":"<div>Ajuda a diminuir a dilata\u00e7\u00e3o abdominal e facilita a elimina\u00e7\u00e3o da gordura acumulada. &nbsp;<\/div>\n<div>\u00d3leos vegetais de 1.\u00aa press\u00e3o a frio de noz de damasco, girassol e onagra; \u00f3leos essenciais (O.E.B.B.D.*) de funcho, lim\u00e3o, casca de laranja doce, erva-pr\u00edncipe, Salvia officinalis, patchouli, cipreste e vetiver; vitamina E natural. *\u00d3leos Essenciais Bot\u00e2nica e Bioquimicamente Definidos. &nbsp;<\/div>\n<div>Os \u00f3leos de massagem arom\u00e1ticos que dispomos t\u00eam uma base vegetal o \u00f3leo veicular de 1.\u00aa press\u00e3o a frio \u201cafrutado\u201d onde se diluiu uma mescla de \u00d3leos Essenciais Bot\u00e2nica e Bioquimicamente Definidos espec\u00edficos para se obter conforto e bem-estar. &nbsp;<\/div>\n","protected":false},"featured_media":12665,"comment_status":"open","ping_status":"closed","template":"","meta":{"_acf_changed":false,"rs_blank_template":"","rs_page_bg_color":"","slide_template_v7":""},"product_brand":[],"product_cat":[504,464,323,530,537,341,516],"product_tag":[],"class_list":{"0":"post-12664","1":"product","2":"type-product","3":"status-publish","4":"has-post-thumbnail","6":"product_cat-corporalmente","7":"product_cat-esentialwoman","8":"product_cat-familias","9":"product_cat-mama-baby","10":"product_cat-pos-gravidez-e-amamentacao","11":"product_cat-precisa","12":"product_cat-silhueta","14":"first","15":"instock","16":"shipping-taxable","17":"purchasable","18":"product-type-simple"},"acf":[],"_links":{"self":[{"href":"https:\/\/esentialaroms.com\/pt-pt\/wp-json\/wp\/v2\/product\/12664","targetHints":{"allow":["GET"]}}],"collection":[{"href":"https:\/\/esentialaroms.com\/pt-pt\/wp-json\/wp\/v2\/product"}],"about":[{"href":"https:\/\/esentialaroms.com\/pt-pt\/wp-json\/wp\/v2\/types\/product"}],"replies":[{"embeddable":true,"href":"https:\/\/esentialaroms.com\/pt-pt\/wp-json\/wp\/v2\/comments?post=12664"}],"version-history":[{"count":1,"href":"https:\/\/esentialaroms.com\/pt-pt\/wp-json\/wp\/v2\/product\/12664\/revisions"}],"predecessor-version":[{"id":12667,"href":"https:\/\/esentialaroms.com\/pt-pt\/wp-json\/wp\/v2\/product\/12664\/revisions\/12667"}],"wp:featuredmedia":[{"embeddable":true,"href":"https:\/\/esentialaroms.com\/pt-pt\/wp-json\/wp\/v2\/media\/12665"}],"wp:attachment":[{"href":"https:\/\/esentialaroms.com\/pt-pt\/wp-json\/wp\/v2\/media?parent=12664"}],"wp:term":[{"taxonomy":"product_brand","embeddable":true,"href":"https:\/\/esentialaroms.com\/pt-pt\/wp-json\/wp\/v2\/product_brand?post=12664"},{"taxonomy":"product_cat","embeddable":true,"href":"https:\/\/esentialaroms.com\/pt-pt\/wp-json\/wp\/v2\/product_cat?post=12664"},{"taxonomy":"product_tag","embeddable":true,"href":"https:\/\/esentialaroms.com\/pt-pt\/wp-json\/wp\/v2\/product_tag?post=12664"}],"curies":[{"name":"wp","href":"https:\/\/api.w.org\/{rel}","templated":true}]}}