{"id":12649,"date":"2026-05-07T13:05:43","date_gmt":"2026-05-07T11:05:43","guid":{"rendered":"https:\/\/esentialaroms.com\/productos\/senos-firmes-2\/"},"modified":"2026-05-07T14:22:13","modified_gmt":"2026-05-07T12:22:13","slug":"senos-firmes-2","status":"publish","type":"product","link":"https:\/\/esentialaroms.com\/pt-pt\/productos\/senos-firmes-2\/","title":{"rendered":"SENOS firmes"},"content":{"rendered":"<div>A massagem aromaterap\u00eautica \u00e9 uma oportunidade de transforma\u00e7\u00e3o pessoal, uma ferramenta \u00fanica para a sa\u00fade do corpo e da mente. O \u00d3leo de Massagem Senos Firmes ajuda a tonificar e reafirmar os seios. &nbsp;<\/div>\n","protected":false},"excerpt":{"rendered":"<div>Ajuda a tonificar e reafirmar os seios. &nbsp;<\/div>\n<div>\u00d3leos vegetais de 1.\u00aa press\u00e3o a frio de avel\u00e3s, noz de damasco, onagra, s\u00e9samo e girassol; \u00f3leos essenciais (O.E.B.B.D.*) de ger\u00e2nio, salva esclareia, erva-pr\u00edncipe, ylang-ylang obtido por destila\u00e7\u00e3o completa e rosa da Bulg\u00e1ria. *\u00d3leos Essenciais Bot\u00e2nica e Bioquimicamente Definidos. &nbsp;<\/div>\n<div>Os \u00f3leos de massagem arom\u00e1ticos que dispomos t\u00eam uma base vegetal o \u00f3leo veicular de 1.\u00aa press\u00e3o a frio \u201cafrutado\u201d onde se diluiu uma mescla de \u00d3leos Essenciais Bot\u00e2nica e Bioquimicamente Definidos espec\u00edficos para se obter conforto e bem-estar. &nbsp;<\/div>\n","protected":false},"featured_media":12650,"comment_status":"open","ping_status":"closed","template":"","meta":{"_acf_changed":false,"rs_blank_template":"","rs_page_bg_color":"","slide_template_v7":""},"product_brand":[],"product_cat":[464,323],"product_tag":[],"class_list":{"0":"post-12649","1":"product","2":"type-product","3":"status-publish","4":"has-post-thumbnail","6":"product_cat-esentialwoman","7":"product_cat-familias","9":"first","10":"instock","11":"shipping-taxable","12":"purchasable","13":"product-type-simple"},"acf":[],"_links":{"self":[{"href":"https:\/\/esentialaroms.com\/pt-pt\/wp-json\/wp\/v2\/product\/12649","targetHints":{"allow":["GET"]}}],"collection":[{"href":"https:\/\/esentialaroms.com\/pt-pt\/wp-json\/wp\/v2\/product"}],"about":[{"href":"https:\/\/esentialaroms.com\/pt-pt\/wp-json\/wp\/v2\/types\/product"}],"replies":[{"embeddable":true,"href":"https:\/\/esentialaroms.com\/pt-pt\/wp-json\/wp\/v2\/comments?post=12649"}],"version-history":[{"count":1,"href":"https:\/\/esentialaroms.com\/pt-pt\/wp-json\/wp\/v2\/product\/12649\/revisions"}],"predecessor-version":[{"id":12652,"href":"https:\/\/esentialaroms.com\/pt-pt\/wp-json\/wp\/v2\/product\/12649\/revisions\/12652"}],"wp:featuredmedia":[{"embeddable":true,"href":"https:\/\/esentialaroms.com\/pt-pt\/wp-json\/wp\/v2\/media\/12650"}],"wp:attachment":[{"href":"https:\/\/esentialaroms.com\/pt-pt\/wp-json\/wp\/v2\/media?parent=12649"}],"wp:term":[{"taxonomy":"product_brand","embeddable":true,"href":"https:\/\/esentialaroms.com\/pt-pt\/wp-json\/wp\/v2\/product_brand?post=12649"},{"taxonomy":"product_cat","embeddable":true,"href":"https:\/\/esentialaroms.com\/pt-pt\/wp-json\/wp\/v2\/product_cat?post=12649"},{"taxonomy":"product_tag","embeddable":true,"href":"https:\/\/esentialaroms.com\/pt-pt\/wp-json\/wp\/v2\/product_tag?post=12649"}],"curies":[{"name":"wp","href":"https:\/\/api.w.org\/{rel}","templated":true}]}}