{"id":12634,"date":"2026-05-07T13:05:40","date_gmt":"2026-05-07T11:05:40","guid":{"rendered":"https:\/\/esentialaroms.com\/productos\/estrias-control-2\/"},"modified":"2026-05-07T14:22:13","modified_gmt":"2026-05-07T12:22:13","slug":"estrias-control-2","status":"publish","type":"product","link":"https:\/\/esentialaroms.com\/pt-pt\/productos\/estrias-control-2\/","title":{"rendered":"ESTR\u00cdAS control"},"content":{"rendered":"<div>A massagem aromaterap\u00eautica constitui uma oportunidade de transforma\u00e7\u00e3o pessoal, uma ferramenta \u00fanica para a sa\u00fade do corpo e da mente. &nbsp;<\/div>\n","protected":false},"excerpt":{"rendered":"<div>Melhora a elasticidade da pele do abd\u00f3men. &nbsp;<\/div>\n<div>Os \u00f3leos vegetais que cont\u00e9m este \u00f3leo corporal s\u00e3o de primeira press\u00e3o a frio e proporcionam \u00e0 pele uma grande riqueza em \u00e1cidos gordos essenciais O-3, O-6 e O-9, assim como ceramidas vegetais provenientes do \u00f3leo de jojoba. Tudo isto contribui para regenerar, hidratar em profundidade e aumentar a elasticidade da pele. &nbsp;<\/div>\n","protected":false},"featured_media":12635,"comment_status":"open","ping_status":"closed","template":"","meta":{"_acf_changed":false,"rs_blank_template":"","rs_page_bg_color":"","slide_template_v7":""},"product_brand":[],"product_cat":[504,507,464,323,341],"product_tag":[],"class_list":{"0":"post-12634","1":"product","2":"type-product","3":"status-publish","4":"has-post-thumbnail","6":"product_cat-corporalmente","7":"product_cat-cuidados-com-o-corpo","8":"product_cat-esentialwoman","9":"product_cat-familias","10":"product_cat-precisa","12":"first","13":"instock","14":"shipping-taxable","15":"purchasable","16":"product-type-simple"},"acf":[],"_links":{"self":[{"href":"https:\/\/esentialaroms.com\/pt-pt\/wp-json\/wp\/v2\/product\/12634","targetHints":{"allow":["GET"]}}],"collection":[{"href":"https:\/\/esentialaroms.com\/pt-pt\/wp-json\/wp\/v2\/product"}],"about":[{"href":"https:\/\/esentialaroms.com\/pt-pt\/wp-json\/wp\/v2\/types\/product"}],"replies":[{"embeddable":true,"href":"https:\/\/esentialaroms.com\/pt-pt\/wp-json\/wp\/v2\/comments?post=12634"}],"version-history":[{"count":1,"href":"https:\/\/esentialaroms.com\/pt-pt\/wp-json\/wp\/v2\/product\/12634\/revisions"}],"predecessor-version":[{"id":12637,"href":"https:\/\/esentialaroms.com\/pt-pt\/wp-json\/wp\/v2\/product\/12634\/revisions\/12637"}],"wp:featuredmedia":[{"embeddable":true,"href":"https:\/\/esentialaroms.com\/pt-pt\/wp-json\/wp\/v2\/media\/12635"}],"wp:attachment":[{"href":"https:\/\/esentialaroms.com\/pt-pt\/wp-json\/wp\/v2\/media?parent=12634"}],"wp:term":[{"taxonomy":"product_brand","embeddable":true,"href":"https:\/\/esentialaroms.com\/pt-pt\/wp-json\/wp\/v2\/product_brand?post=12634"},{"taxonomy":"product_cat","embeddable":true,"href":"https:\/\/esentialaroms.com\/pt-pt\/wp-json\/wp\/v2\/product_cat?post=12634"},{"taxonomy":"product_tag","embeddable":true,"href":"https:\/\/esentialaroms.com\/pt-pt\/wp-json\/wp\/v2\/product_tag?post=12634"}],"curies":[{"name":"wp","href":"https:\/\/api.w.org\/{rel}","templated":true}]}}