{"id":12604,"date":"2026-05-07T13:05:32","date_gmt":"2026-05-07T11:05:32","guid":{"rendered":"https:\/\/esentialaroms.com\/productos\/extracto-lipidico-de-centella-asiatica-centella-asiatica-100-ml-2\/"},"modified":"2026-05-07T14:22:12","modified_gmt":"2026-05-07T12:22:12","slug":"extracto-lipidico-de-centella-asiatica-centella-asiatica-100-ml-2","status":"publish","type":"product","link":"https:\/\/esentialaroms.com\/pt-pt\/productos\/extracto-lipidico-de-centella-asiatica-centella-asiatica-100-ml-2\/","title":{"rendered":"Extrato lip\u00eddico de CENTELLA ASI\u00c1TICA (Centella asiatica) 100 ml"},"content":{"rendered":"","protected":false},"excerpt":{"rendered":"<div>Macerado natural de centella asi\u00e1tica. Gra\u00e7as \u00e0s suas propriedades reafirmantes, tensoras e regeneradoras, \u00e9 utilizado para o tratamento da flacidez cut\u00e2nea, tanto no corpo como no rosto. &nbsp;<\/div>\n","protected":false},"featured_media":12605,"comment_status":"open","ping_status":"closed","template":"","meta":{"_acf_changed":false,"rs_blank_template":"","rs_page_bg_color":"","slide_template_v7":""},"product_brand":[],"product_cat":[308,432,530,537,341],"product_tag":[],"class_list":{"0":"post-12604","1":"product","2":"type-product","3":"status-publish","4":"has-post-thumbnail","6":"product_cat-aromaterapia","7":"product_cat-extratos-lipidicos","8":"product_cat-mama-baby","9":"product_cat-pos-gravidez-e-amamentacao","10":"product_cat-precisa","12":"first","13":"instock","14":"shipping-taxable","15":"purchasable","16":"product-type-simple"},"acf":[],"_links":{"self":[{"href":"https:\/\/esentialaroms.com\/pt-pt\/wp-json\/wp\/v2\/product\/12604","targetHints":{"allow":["GET"]}}],"collection":[{"href":"https:\/\/esentialaroms.com\/pt-pt\/wp-json\/wp\/v2\/product"}],"about":[{"href":"https:\/\/esentialaroms.com\/pt-pt\/wp-json\/wp\/v2\/types\/product"}],"replies":[{"embeddable":true,"href":"https:\/\/esentialaroms.com\/pt-pt\/wp-json\/wp\/v2\/comments?post=12604"}],"version-history":[{"count":1,"href":"https:\/\/esentialaroms.com\/pt-pt\/wp-json\/wp\/v2\/product\/12604\/revisions"}],"predecessor-version":[{"id":12607,"href":"https:\/\/esentialaroms.com\/pt-pt\/wp-json\/wp\/v2\/product\/12604\/revisions\/12607"}],"wp:featuredmedia":[{"embeddable":true,"href":"https:\/\/esentialaroms.com\/pt-pt\/wp-json\/wp\/v2\/media\/12605"}],"wp:attachment":[{"href":"https:\/\/esentialaroms.com\/pt-pt\/wp-json\/wp\/v2\/media?parent=12604"}],"wp:term":[{"taxonomy":"product_brand","embeddable":true,"href":"https:\/\/esentialaroms.com\/pt-pt\/wp-json\/wp\/v2\/product_brand?post=12604"},{"taxonomy":"product_cat","embeddable":true,"href":"https:\/\/esentialaroms.com\/pt-pt\/wp-json\/wp\/v2\/product_cat?post=12604"},{"taxonomy":"product_tag","embeddable":true,"href":"https:\/\/esentialaroms.com\/pt-pt\/wp-json\/wp\/v2\/product_tag?post=12604"}],"curies":[{"name":"wp","href":"https:\/\/api.w.org\/{rel}","templated":true}]}}