{"id":12559,"date":"2026-05-07T13:05:21","date_gmt":"2026-05-07T11:05:21","guid":{"rendered":"https:\/\/esentialaroms.com\/productos\/extracto-lipidico-de-arnica-arnica-montana-bio-100-ml-2\/"},"modified":"2026-05-07T14:22:11","modified_gmt":"2026-05-07T12:22:11","slug":"extracto-lipidico-de-arnica-arnica-montana-bio-100-ml-2","status":"publish","type":"product","link":"https:\/\/esentialaroms.com\/pt-pt\/productos\/extracto-lipidico-de-arnica-arnica-montana-bio-100-ml-2\/","title":{"rendered":"Extrato lip\u00eddico de ARNICA (Arnica montana) BIO 100 ml"},"content":{"rendered":"","protected":false},"excerpt":{"rendered":"<div>Macera\u00e7\u00e3o natural de flores de arnica cultivadas ecologicamente. \u00c9 utilizada para hidratar e cuidar da pele que sofreu golpes e contus\u00f5es. Tamb\u00e9m \u00e9 utilizada para massagens musculares e articulares. &nbsp;<\/div>\n","protected":false},"featured_media":12560,"comment_status":"open","ping_status":"closed","template":"","meta":{"_acf_changed":false,"rs_blank_template":"","rs_page_bg_color":"","slide_template_v7":""},"product_brand":[],"product_cat":[308,522,432,341],"product_tag":[],"class_list":{"0":"post-12559","1":"product","2":"type-product","3":"status-publish","4":"has-post-thumbnail","6":"product_cat-aromaterapia","7":"product_cat-atletas","8":"product_cat-extratos-lipidicos","9":"product_cat-precisa","11":"first","12":"instock","13":"shipping-taxable","14":"purchasable","15":"product-type-simple"},"acf":[],"_links":{"self":[{"href":"https:\/\/esentialaroms.com\/pt-pt\/wp-json\/wp\/v2\/product\/12559","targetHints":{"allow":["GET"]}}],"collection":[{"href":"https:\/\/esentialaroms.com\/pt-pt\/wp-json\/wp\/v2\/product"}],"about":[{"href":"https:\/\/esentialaroms.com\/pt-pt\/wp-json\/wp\/v2\/types\/product"}],"replies":[{"embeddable":true,"href":"https:\/\/esentialaroms.com\/pt-pt\/wp-json\/wp\/v2\/comments?post=12559"}],"version-history":[{"count":1,"href":"https:\/\/esentialaroms.com\/pt-pt\/wp-json\/wp\/v2\/product\/12559\/revisions"}],"predecessor-version":[{"id":12562,"href":"https:\/\/esentialaroms.com\/pt-pt\/wp-json\/wp\/v2\/product\/12559\/revisions\/12562"}],"wp:featuredmedia":[{"embeddable":true,"href":"https:\/\/esentialaroms.com\/pt-pt\/wp-json\/wp\/v2\/media\/12560"}],"wp:attachment":[{"href":"https:\/\/esentialaroms.com\/pt-pt\/wp-json\/wp\/v2\/media?parent=12559"}],"wp:term":[{"taxonomy":"product_brand","embeddable":true,"href":"https:\/\/esentialaroms.com\/pt-pt\/wp-json\/wp\/v2\/product_brand?post=12559"},{"taxonomy":"product_cat","embeddable":true,"href":"https:\/\/esentialaroms.com\/pt-pt\/wp-json\/wp\/v2\/product_cat?post=12559"},{"taxonomy":"product_tag","embeddable":true,"href":"https:\/\/esentialaroms.com\/pt-pt\/wp-json\/wp\/v2\/product_tag?post=12559"}],"curies":[{"name":"wp","href":"https:\/\/api.w.org\/{rel}","templated":true}]}}