{"id":12544,"date":"2026-05-07T13:05:15","date_gmt":"2026-05-07T11:05:15","guid":{"rendered":"https:\/\/esentialaroms.com\/productos\/extracto-lipidico-de-calendula-calendula-officinalis-bio-100-ml-2\/"},"modified":"2026-05-07T14:22:11","modified_gmt":"2026-05-07T12:22:11","slug":"extracto-lipidico-de-calendula-calendula-officinalis-bio-100-ml-2","status":"publish","type":"product","link":"https:\/\/esentialaroms.com\/pt-pt\/productos\/extracto-lipidico-de-calendula-calendula-officinalis-bio-100-ml-2\/","title":{"rendered":"Extrato lip\u00eddico de CAL\u00caNDULA (Calendula officinalis) BIO 100 ml"},"content":{"rendered":"","protected":false},"excerpt":{"rendered":"<div>Macera\u00e7\u00e3o natural de flores de cal\u00eandula cultivadas ecologicamente. \u00c9 utilizado para hidratar e cuidar de peles sens\u00edveis e com vermelhid\u00e3o. Tamb\u00e9m pode ser utilizado para cuidar do rabinho do beb\u00e9. &nbsp;<\/div>\n","protected":false},"featured_media":12545,"comment_status":"open","ping_status":"closed","template":"","meta":{"_acf_changed":false,"rs_blank_template":"","rs_page_bg_color":"","slide_template_v7":""},"product_brand":[],"product_cat":[308,534,504,507,432,356,530,341,362],"product_tag":[],"class_list":{"0":"post-12544","1":"product","2":"type-product","3":"status-publish","4":"has-post-thumbnail","6":"product_cat-aromaterapia","7":"product_cat-bebe","8":"product_cat-corporalmente","9":"product_cat-cuidados-com-o-corpo","10":"product_cat-extratos-lipidicos","11":"product_cat-facial","12":"product_cat-mama-baby","13":"product_cat-precisa","14":"product_cat-tipo-de-pele","16":"first","17":"instock","18":"shipping-taxable","19":"purchasable","20":"product-type-simple"},"acf":[],"_links":{"self":[{"href":"https:\/\/esentialaroms.com\/pt-pt\/wp-json\/wp\/v2\/product\/12544","targetHints":{"allow":["GET"]}}],"collection":[{"href":"https:\/\/esentialaroms.com\/pt-pt\/wp-json\/wp\/v2\/product"}],"about":[{"href":"https:\/\/esentialaroms.com\/pt-pt\/wp-json\/wp\/v2\/types\/product"}],"replies":[{"embeddable":true,"href":"https:\/\/esentialaroms.com\/pt-pt\/wp-json\/wp\/v2\/comments?post=12544"}],"version-history":[{"count":1,"href":"https:\/\/esentialaroms.com\/pt-pt\/wp-json\/wp\/v2\/product\/12544\/revisions"}],"predecessor-version":[{"id":12547,"href":"https:\/\/esentialaroms.com\/pt-pt\/wp-json\/wp\/v2\/product\/12544\/revisions\/12547"}],"wp:featuredmedia":[{"embeddable":true,"href":"https:\/\/esentialaroms.com\/pt-pt\/wp-json\/wp\/v2\/media\/12545"}],"wp:attachment":[{"href":"https:\/\/esentialaroms.com\/pt-pt\/wp-json\/wp\/v2\/media?parent=12544"}],"wp:term":[{"taxonomy":"product_brand","embeddable":true,"href":"https:\/\/esentialaroms.com\/pt-pt\/wp-json\/wp\/v2\/product_brand?post=12544"},{"taxonomy":"product_cat","embeddable":true,"href":"https:\/\/esentialaroms.com\/pt-pt\/wp-json\/wp\/v2\/product_cat?post=12544"},{"taxonomy":"product_tag","embeddable":true,"href":"https:\/\/esentialaroms.com\/pt-pt\/wp-json\/wp\/v2\/product_tag?post=12544"}],"curies":[{"name":"wp","href":"https:\/\/api.w.org\/{rel}","templated":true}]}}