{"id":12529,"date":"2026-05-07T13:05:11","date_gmt":"2026-05-07T11:05:11","guid":{"rendered":"https:\/\/esentialaroms.com\/productos\/extracto-lipidico-de-zanahoria-daucus-carota-100-ml-2\/"},"modified":"2026-05-07T14:22:11","modified_gmt":"2026-05-07T12:22:11","slug":"extracto-lipidico-de-zanahoria-daucus-carota-100-ml-2","status":"publish","type":"product","link":"https:\/\/esentialaroms.com\/pt-pt\/productos\/extracto-lipidico-de-zanahoria-daucus-carota-100-ml-2\/","title":{"rendered":"Extrato lip\u00eddico de CENOURA (Daucus carota) 100 ml"},"content":{"rendered":"","protected":false},"excerpt":{"rendered":"<div>Macerado de raiz de cenoura doce. Gra\u00e7as ao seu elevado teor em provitamina A natural, pode ajudar a preparar a pele para o bronzeado e a proporcionar-lhe vitalidade. Para obter um bronzeado uniforme, aplicar diariamente 1 m\u00eas antes da exposi\u00e7\u00e3o solar. &nbsp;<\/div>\n","protected":false},"featured_media":12530,"comment_status":"open","ping_status":"closed","template":"","meta":{"_acf_changed":false,"rs_blank_template":"","rs_page_bg_color":"","slide_template_v7":""},"product_brand":[],"product_cat":[308,432],"product_tag":[],"class_list":{"0":"post-12529","1":"product","2":"type-product","3":"status-publish","4":"has-post-thumbnail","6":"product_cat-aromaterapia","7":"product_cat-extratos-lipidicos","9":"first","10":"instock","11":"shipping-taxable","12":"purchasable","13":"product-type-simple"},"acf":[],"_links":{"self":[{"href":"https:\/\/esentialaroms.com\/pt-pt\/wp-json\/wp\/v2\/product\/12529","targetHints":{"allow":["GET"]}}],"collection":[{"href":"https:\/\/esentialaroms.com\/pt-pt\/wp-json\/wp\/v2\/product"}],"about":[{"href":"https:\/\/esentialaroms.com\/pt-pt\/wp-json\/wp\/v2\/types\/product"}],"replies":[{"embeddable":true,"href":"https:\/\/esentialaroms.com\/pt-pt\/wp-json\/wp\/v2\/comments?post=12529"}],"version-history":[{"count":1,"href":"https:\/\/esentialaroms.com\/pt-pt\/wp-json\/wp\/v2\/product\/12529\/revisions"}],"predecessor-version":[{"id":12532,"href":"https:\/\/esentialaroms.com\/pt-pt\/wp-json\/wp\/v2\/product\/12529\/revisions\/12532"}],"wp:featuredmedia":[{"embeddable":true,"href":"https:\/\/esentialaroms.com\/pt-pt\/wp-json\/wp\/v2\/media\/12530"}],"wp:attachment":[{"href":"https:\/\/esentialaroms.com\/pt-pt\/wp-json\/wp\/v2\/media?parent=12529"}],"wp:term":[{"taxonomy":"product_brand","embeddable":true,"href":"https:\/\/esentialaroms.com\/pt-pt\/wp-json\/wp\/v2\/product_brand?post=12529"},{"taxonomy":"product_cat","embeddable":true,"href":"https:\/\/esentialaroms.com\/pt-pt\/wp-json\/wp\/v2\/product_cat?post=12529"},{"taxonomy":"product_tag","embeddable":true,"href":"https:\/\/esentialaroms.com\/pt-pt\/wp-json\/wp\/v2\/product_tag?post=12529"}],"curies":[{"name":"wp","href":"https:\/\/api.w.org\/{rel}","templated":true}]}}