{"id":12489,"date":"2026-05-07T13:05:01","date_gmt":"2026-05-07T11:05:01","guid":{"rendered":"https:\/\/esentialaroms.com\/productos\/extracto-lipidico-de-tepezcohuite-mimosa-tenuiflora-500-ml-2\/"},"modified":"2026-05-07T14:22:10","modified_gmt":"2026-05-07T12:22:10","slug":"extracto-lipidico-de-tepezcohuite-mimosa-tenuiflora-500-ml-2","status":"publish","type":"product","link":"https:\/\/esentialaroms.com\/pt-pt\/productos\/extracto-lipidico-de-tepezcohuite-mimosa-tenuiflora-500-ml-2\/","title":{"rendered":"Extrato lip\u00eddico de TEPEZCOHUITE (Mimosa tenuiflora) 500 ml"},"content":{"rendered":"","protected":false},"excerpt":{"rendered":"<div>Macera\u00e7\u00e3o de casca de tepezcohuite. \u00c9 utilizada para o cuidado de peles secas e sens\u00edveis. Tamb\u00e9m para a regenera\u00e7\u00e3o de queimaduras superficiais. &nbsp;<\/div>\n","protected":false},"featured_media":12490,"comment_status":"open","ping_status":"closed","template":"","meta":{"_acf_changed":false,"rs_blank_template":"","rs_page_bg_color":"","slide_template_v7":""},"product_brand":[],"product_cat":[308,432],"product_tag":[],"class_list":{"0":"post-12489","1":"product","2":"type-product","3":"status-publish","4":"has-post-thumbnail","6":"product_cat-aromaterapia","7":"product_cat-extratos-lipidicos","9":"first","10":"instock","11":"shipping-taxable","12":"purchasable","13":"product-type-simple"},"acf":[],"_links":{"self":[{"href":"https:\/\/esentialaroms.com\/pt-pt\/wp-json\/wp\/v2\/product\/12489","targetHints":{"allow":["GET"]}}],"collection":[{"href":"https:\/\/esentialaroms.com\/pt-pt\/wp-json\/wp\/v2\/product"}],"about":[{"href":"https:\/\/esentialaroms.com\/pt-pt\/wp-json\/wp\/v2\/types\/product"}],"replies":[{"embeddable":true,"href":"https:\/\/esentialaroms.com\/pt-pt\/wp-json\/wp\/v2\/comments?post=12489"}],"version-history":[{"count":1,"href":"https:\/\/esentialaroms.com\/pt-pt\/wp-json\/wp\/v2\/product\/12489\/revisions"}],"predecessor-version":[{"id":12491,"href":"https:\/\/esentialaroms.com\/pt-pt\/wp-json\/wp\/v2\/product\/12489\/revisions\/12491"}],"wp:featuredmedia":[{"embeddable":true,"href":"https:\/\/esentialaroms.com\/pt-pt\/wp-json\/wp\/v2\/media\/12490"}],"wp:attachment":[{"href":"https:\/\/esentialaroms.com\/pt-pt\/wp-json\/wp\/v2\/media?parent=12489"}],"wp:term":[{"taxonomy":"product_brand","embeddable":true,"href":"https:\/\/esentialaroms.com\/pt-pt\/wp-json\/wp\/v2\/product_brand?post=12489"},{"taxonomy":"product_cat","embeddable":true,"href":"https:\/\/esentialaroms.com\/pt-pt\/wp-json\/wp\/v2\/product_cat?post=12489"},{"taxonomy":"product_tag","embeddable":true,"href":"https:\/\/esentialaroms.com\/pt-pt\/wp-json\/wp\/v2\/product_tag?post=12489"}],"curies":[{"name":"wp","href":"https:\/\/api.w.org\/{rel}","templated":true}]}}