{"id":12436,"date":"2026-05-07T12:57:13","date_gmt":"2026-05-07T10:57:13","guid":{"rendered":"https:\/\/esentialaroms.com\/productos\/extracto-lipidico-de-calendula-calendula-officinalis-bio-500-ml-2\/"},"modified":"2026-05-07T14:22:09","modified_gmt":"2026-05-07T12:22:09","slug":"extracto-lipidico-de-calendula-calendula-officinalis-bio-500-ml-2","status":"publish","type":"product","link":"https:\/\/esentialaroms.com\/pt-pt\/productos\/extracto-lipidico-de-calendula-calendula-officinalis-bio-500-ml-2\/","title":{"rendered":"Extrato lip\u00eddico de CAL\u00caNDULA (Calendula officinalis) BIO 500 ml"},"content":{"rendered":"","protected":false},"excerpt":{"rendered":"<div>Macera\u00e7\u00e3o natural de flores de cal\u00eandula cultivadas ecologicamente. \u00c9 utilizado para hidratar e cuidar de peles sens\u00edveis e com vermelhid\u00e3o. Tamb\u00e9m pode ser utilizado para cuidar do rabinho do beb\u00e9. &nbsp;<\/div>\n","protected":false},"featured_media":12437,"comment_status":"open","ping_status":"closed","template":"","meta":{"_acf_changed":false,"rs_blank_template":"","rs_page_bg_color":"","slide_template_v7":""},"product_brand":[],"product_cat":[308,432],"product_tag":[],"class_list":{"0":"post-12436","1":"product","2":"type-product","3":"status-publish","4":"has-post-thumbnail","6":"product_cat-aromaterapia","7":"product_cat-extratos-lipidicos","9":"first","10":"instock","11":"shipping-taxable","12":"purchasable","13":"product-type-simple"},"acf":[],"_links":{"self":[{"href":"https:\/\/esentialaroms.com\/pt-pt\/wp-json\/wp\/v2\/product\/12436","targetHints":{"allow":["GET"]}}],"collection":[{"href":"https:\/\/esentialaroms.com\/pt-pt\/wp-json\/wp\/v2\/product"}],"about":[{"href":"https:\/\/esentialaroms.com\/pt-pt\/wp-json\/wp\/v2\/types\/product"}],"replies":[{"embeddable":true,"href":"https:\/\/esentialaroms.com\/pt-pt\/wp-json\/wp\/v2\/comments?post=12436"}],"version-history":[{"count":1,"href":"https:\/\/esentialaroms.com\/pt-pt\/wp-json\/wp\/v2\/product\/12436\/revisions"}],"predecessor-version":[{"id":12438,"href":"https:\/\/esentialaroms.com\/pt-pt\/wp-json\/wp\/v2\/product\/12436\/revisions\/12438"}],"wp:featuredmedia":[{"embeddable":true,"href":"https:\/\/esentialaroms.com\/pt-pt\/wp-json\/wp\/v2\/media\/12437"}],"wp:attachment":[{"href":"https:\/\/esentialaroms.com\/pt-pt\/wp-json\/wp\/v2\/media?parent=12436"}],"wp:term":[{"taxonomy":"product_brand","embeddable":true,"href":"https:\/\/esentialaroms.com\/pt-pt\/wp-json\/wp\/v2\/product_brand?post=12436"},{"taxonomy":"product_cat","embeddable":true,"href":"https:\/\/esentialaroms.com\/pt-pt\/wp-json\/wp\/v2\/product_cat?post=12436"},{"taxonomy":"product_tag","embeddable":true,"href":"https:\/\/esentialaroms.com\/pt-pt\/wp-json\/wp\/v2\/product_tag?post=12436"}],"curies":[{"name":"wp","href":"https:\/\/api.w.org\/{rel}","templated":true}]}}