{"id":12346,"date":"2026-05-07T12:56:47","date_gmt":"2026-05-07T10:56:47","guid":{"rendered":"https:\/\/esentialaroms.com\/productos\/balsamo-labial-de-argan-2\/"},"modified":"2026-05-07T14:22:07","modified_gmt":"2026-05-07T12:22:07","slug":"balsamo-labial-de-argan-2","status":"publish","type":"product","link":"https:\/\/esentialaroms.com\/pt-pt\/productos\/balsamo-labial-de-argan-2\/","title":{"rendered":"B\u00c1LSAMO PARA OS L\u00c1BIOS de Argan"},"content":{"rendered":"<div>B\u00e1lsamo labial de arg\u00e3o. &nbsp;<\/div>\n","protected":false},"excerpt":{"rendered":"<div>B\u00e1lsamo labial de Arg\u00e3o intensamente hidratante. &nbsp;<\/div>\n","protected":false},"featured_media":12347,"comment_status":"open","ping_status":"closed","template":"","meta":{"_acf_changed":false,"rs_blank_template":"","rs_page_bg_color":"","slide_template_v7":""},"product_brand":[],"product_cat":[326,359,356,323,341],"product_tag":[],"class_list":{"0":"post-12346","1":"product","2":"type-product","3":"status-publish","4":"has-post-thumbnail","6":"product_cat-argan","7":"product_cat-cuidados-com-a-pele","8":"product_cat-facial","9":"product_cat-familias","10":"product_cat-precisa","12":"first","13":"instock","14":"shipping-taxable","15":"purchasable","16":"product-type-simple"},"acf":[],"_links":{"self":[{"href":"https:\/\/esentialaroms.com\/pt-pt\/wp-json\/wp\/v2\/product\/12346","targetHints":{"allow":["GET"]}}],"collection":[{"href":"https:\/\/esentialaroms.com\/pt-pt\/wp-json\/wp\/v2\/product"}],"about":[{"href":"https:\/\/esentialaroms.com\/pt-pt\/wp-json\/wp\/v2\/types\/product"}],"replies":[{"embeddable":true,"href":"https:\/\/esentialaroms.com\/pt-pt\/wp-json\/wp\/v2\/comments?post=12346"}],"version-history":[{"count":1,"href":"https:\/\/esentialaroms.com\/pt-pt\/wp-json\/wp\/v2\/product\/12346\/revisions"}],"predecessor-version":[{"id":12349,"href":"https:\/\/esentialaroms.com\/pt-pt\/wp-json\/wp\/v2\/product\/12346\/revisions\/12349"}],"wp:featuredmedia":[{"embeddable":true,"href":"https:\/\/esentialaroms.com\/pt-pt\/wp-json\/wp\/v2\/media\/12347"}],"wp:attachment":[{"href":"https:\/\/esentialaroms.com\/pt-pt\/wp-json\/wp\/v2\/media?parent=12346"}],"wp:term":[{"taxonomy":"product_brand","embeddable":true,"href":"https:\/\/esentialaroms.com\/pt-pt\/wp-json\/wp\/v2\/product_brand?post=12346"},{"taxonomy":"product_cat","embeddable":true,"href":"https:\/\/esentialaroms.com\/pt-pt\/wp-json\/wp\/v2\/product_cat?post=12346"},{"taxonomy":"product_tag","embeddable":true,"href":"https:\/\/esentialaroms.com\/pt-pt\/wp-json\/wp\/v2\/product_tag?post=12346"}],"curies":[{"name":"wp","href":"https:\/\/api.w.org\/{rel}","templated":true}]}}