{"id":12316,"date":"2026-05-07T12:56:39","date_gmt":"2026-05-07T10:56:39","guid":{"rendered":"https:\/\/esentialaroms.com\/productos\/balsamo-labial-de-rosa-mosqueta-2\/"},"modified":"2026-05-07T14:22:06","modified_gmt":"2026-05-07T12:22:06","slug":"balsamo-labial-de-rosa-mosqueta-2","status":"publish","type":"product","link":"https:\/\/esentialaroms.com\/pt-pt\/productos\/balsamo-labial-de-rosa-mosqueta-2\/","title":{"rendered":"B\u00c1LSAMO PARA OS L\u00c1BIOS de Rosa-mosqueta"},"content":{"rendered":"<div>B\u00e1lsamo labial de rosa mosqueta. &nbsp;<\/div>\n","protected":false},"excerpt":{"rendered":"<div>B\u00e1lsamo labial de rosa mosqueta 100% natural. &nbsp;<\/div>\n","protected":false},"featured_media":12317,"comment_status":"open","ping_status":"closed","template":"","meta":{"_acf_changed":false,"rs_blank_template":"","rs_page_bg_color":"","slide_template_v7":""},"product_brand":[],"product_cat":[557,359,356,323,341,486],"product_tag":[],"class_list":{"0":"post-12316","1":"product","2":"type-product","3":"status-publish","4":"has-post-thumbnail","6":"product_cat-best-sellers","7":"product_cat-cuidados-com-a-pele","8":"product_cat-facial","9":"product_cat-familias","10":"product_cat-precisa","11":"product_cat-rosa-mosqueta","13":"first","14":"instock","15":"shipping-taxable","16":"purchasable","17":"product-type-simple"},"acf":[],"_links":{"self":[{"href":"https:\/\/esentialaroms.com\/pt-pt\/wp-json\/wp\/v2\/product\/12316","targetHints":{"allow":["GET"]}}],"collection":[{"href":"https:\/\/esentialaroms.com\/pt-pt\/wp-json\/wp\/v2\/product"}],"about":[{"href":"https:\/\/esentialaroms.com\/pt-pt\/wp-json\/wp\/v2\/types\/product"}],"replies":[{"embeddable":true,"href":"https:\/\/esentialaroms.com\/pt-pt\/wp-json\/wp\/v2\/comments?post=12316"}],"version-history":[{"count":1,"href":"https:\/\/esentialaroms.com\/pt-pt\/wp-json\/wp\/v2\/product\/12316\/revisions"}],"predecessor-version":[{"id":12319,"href":"https:\/\/esentialaroms.com\/pt-pt\/wp-json\/wp\/v2\/product\/12316\/revisions\/12319"}],"wp:featuredmedia":[{"embeddable":true,"href":"https:\/\/esentialaroms.com\/pt-pt\/wp-json\/wp\/v2\/media\/12317"}],"wp:attachment":[{"href":"https:\/\/esentialaroms.com\/pt-pt\/wp-json\/wp\/v2\/media?parent=12316"}],"wp:term":[{"taxonomy":"product_brand","embeddable":true,"href":"https:\/\/esentialaroms.com\/pt-pt\/wp-json\/wp\/v2\/product_brand?post=12316"},{"taxonomy":"product_cat","embeddable":true,"href":"https:\/\/esentialaroms.com\/pt-pt\/wp-json\/wp\/v2\/product_cat?post=12316"},{"taxonomy":"product_tag","embeddable":true,"href":"https:\/\/esentialaroms.com\/pt-pt\/wp-json\/wp\/v2\/product_tag?post=12316"}],"curies":[{"name":"wp","href":"https:\/\/api.w.org\/{rel}","templated":true}]}}