{"id":12302,"date":"2026-05-07T12:56:35","date_gmt":"2026-05-07T10:56:35","guid":{"rendered":"https:\/\/esentialaroms.com\/productos\/aceite-vegetal-virgen-de-argan-80-perlas-2\/"},"modified":"2026-05-07T14:22:06","modified_gmt":"2026-05-07T12:22:06","slug":"aceite-vegetal-virgen-de-argan-80-perlas-2","status":"publish","type":"product","link":"https:\/\/esentialaroms.com\/pt-pt\/productos\/aceite-vegetal-virgen-de-argan-80-perlas-2\/","title":{"rendered":"\u00d3LEO VEGETAL VIRGEM DE ARGAN 80 p\u00e9rolas"},"content":{"rendered":"<div>\u00d3leo vegetal virgem de 1.\u00aa press\u00e3o a frio de argan. &nbsp;<\/div>\n","protected":false},"excerpt":{"rendered":"<div>Complemento alimentar \u00e0 base de \u00f3leo vegetal virgem de arg\u00e3o de primeira press\u00e3o a frio, proveniente de agricultura biol\u00f3gica, que fornece \u00e1cidos gordos insaturados e vitamina E de origem natural para complementar a dieta di\u00e1ria. &nbsp;<\/div>\n","protected":false},"featured_media":12303,"comment_status":"open","ping_status":"closed","template":"","meta":{"_acf_changed":false,"rs_blank_template":"","rs_page_bg_color":"","slide_template_v7":""},"product_brand":[],"product_cat":[528,326,344,347,350,519,356,323,341],"product_tag":[],"class_list":{"0":"post-12302","1":"product","2":"type-product","3":"status-publish","4":"has-post-thumbnail","6":"product_cat-a-beleza-vem-de-dentro","7":"product_cat-argan","8":"product_cat-bem-estar","9":"product_cat-bem-estar-da-mulher","10":"product_cat-corpo-e-rosto","11":"product_cat-cuidados-faciais-basicos","12":"product_cat-facial","13":"product_cat-familias","14":"product_cat-precisa","16":"first","17":"instock","18":"shipping-taxable","19":"purchasable","20":"product-type-simple"},"acf":[],"_links":{"self":[{"href":"https:\/\/esentialaroms.com\/pt-pt\/wp-json\/wp\/v2\/product\/12302","targetHints":{"allow":["GET"]}}],"collection":[{"href":"https:\/\/esentialaroms.com\/pt-pt\/wp-json\/wp\/v2\/product"}],"about":[{"href":"https:\/\/esentialaroms.com\/pt-pt\/wp-json\/wp\/v2\/types\/product"}],"replies":[{"embeddable":true,"href":"https:\/\/esentialaroms.com\/pt-pt\/wp-json\/wp\/v2\/comments?post=12302"}],"version-history":[{"count":1,"href":"https:\/\/esentialaroms.com\/pt-pt\/wp-json\/wp\/v2\/product\/12302\/revisions"}],"predecessor-version":[{"id":12304,"href":"https:\/\/esentialaroms.com\/pt-pt\/wp-json\/wp\/v2\/product\/12302\/revisions\/12304"}],"wp:featuredmedia":[{"embeddable":true,"href":"https:\/\/esentialaroms.com\/pt-pt\/wp-json\/wp\/v2\/media\/12303"}],"wp:attachment":[{"href":"https:\/\/esentialaroms.com\/pt-pt\/wp-json\/wp\/v2\/media?parent=12302"}],"wp:term":[{"taxonomy":"product_brand","embeddable":true,"href":"https:\/\/esentialaroms.com\/pt-pt\/wp-json\/wp\/v2\/product_brand?post=12302"},{"taxonomy":"product_cat","embeddable":true,"href":"https:\/\/esentialaroms.com\/pt-pt\/wp-json\/wp\/v2\/product_cat?post=12302"},{"taxonomy":"product_tag","embeddable":true,"href":"https:\/\/esentialaroms.com\/pt-pt\/wp-json\/wp\/v2\/product_tag?post=12302"}],"curies":[{"name":"wp","href":"https:\/\/api.w.org\/{rel}","templated":true}]}}