{"id":12291,"date":"2026-05-07T12:56:32","date_gmt":"2026-05-07T10:56:32","guid":{"rendered":"https:\/\/esentialaroms.com\/productos\/aceite-vegetal-virgen-de-rosa-mosqueta-100-perlas-2\/"},"modified":"2026-05-07T14:22:06","modified_gmt":"2026-05-07T12:22:06","slug":"aceite-vegetal-virgen-de-rosa-mosqueta-100-perlas-2","status":"publish","type":"product","link":"https:\/\/esentialaroms.com\/pt-pt\/productos\/aceite-vegetal-virgen-de-rosa-mosqueta-100-perlas-2\/","title":{"rendered":"\u00d3LEO VEGETAL VIRGEM DE ROSA-MOSQUETA 100 p\u00e9rolas"},"content":{"rendered":"<div>\u00d3leo vegetal virgem de 1.\u00aa press\u00e3o a frio de rosa mosqueta. &nbsp;<\/div>\n","protected":false},"excerpt":{"rendered":"<div>Complemento alimentar \u00e0 base de \u00f3leo vegetal virgem de rosa mosqueta de primeira press\u00e3o a frio, com vitamina E natural, que fornece \u00e1cidos gordos insaturados essenciais para complementar a alimenta\u00e7\u00e3o di\u00e1ria. &nbsp;<\/div>\n","protected":false},"featured_media":12292,"comment_status":"open","ping_status":"closed","template":"","meta":{"_acf_changed":false,"rs_blank_template":"","rs_page_bg_color":"","slide_template_v7":""},"product_brand":[],"product_cat":[528,344,347,350,519,356,323,341,486],"product_tag":[],"class_list":{"0":"post-12291","1":"product","2":"type-product","3":"status-publish","4":"has-post-thumbnail","6":"product_cat-a-beleza-vem-de-dentro","7":"product_cat-bem-estar","8":"product_cat-bem-estar-da-mulher","9":"product_cat-corpo-e-rosto","10":"product_cat-cuidados-faciais-basicos","11":"product_cat-facial","12":"product_cat-familias","13":"product_cat-precisa","14":"product_cat-rosa-mosqueta","16":"first","17":"instock","18":"shipping-taxable","19":"purchasable","20":"product-type-simple"},"acf":[],"_links":{"self":[{"href":"https:\/\/esentialaroms.com\/pt-pt\/wp-json\/wp\/v2\/product\/12291","targetHints":{"allow":["GET"]}}],"collection":[{"href":"https:\/\/esentialaroms.com\/pt-pt\/wp-json\/wp\/v2\/product"}],"about":[{"href":"https:\/\/esentialaroms.com\/pt-pt\/wp-json\/wp\/v2\/types\/product"}],"replies":[{"embeddable":true,"href":"https:\/\/esentialaroms.com\/pt-pt\/wp-json\/wp\/v2\/comments?post=12291"}],"version-history":[{"count":1,"href":"https:\/\/esentialaroms.com\/pt-pt\/wp-json\/wp\/v2\/product\/12291\/revisions"}],"predecessor-version":[{"id":12293,"href":"https:\/\/esentialaroms.com\/pt-pt\/wp-json\/wp\/v2\/product\/12291\/revisions\/12293"}],"wp:featuredmedia":[{"embeddable":true,"href":"https:\/\/esentialaroms.com\/pt-pt\/wp-json\/wp\/v2\/media\/12292"}],"wp:attachment":[{"href":"https:\/\/esentialaroms.com\/pt-pt\/wp-json\/wp\/v2\/media?parent=12291"}],"wp:term":[{"taxonomy":"product_brand","embeddable":true,"href":"https:\/\/esentialaroms.com\/pt-pt\/wp-json\/wp\/v2\/product_brand?post=12291"},{"taxonomy":"product_cat","embeddable":true,"href":"https:\/\/esentialaroms.com\/pt-pt\/wp-json\/wp\/v2\/product_cat?post=12291"},{"taxonomy":"product_tag","embeddable":true,"href":"https:\/\/esentialaroms.com\/pt-pt\/wp-json\/wp\/v2\/product_tag?post=12291"}],"curies":[{"name":"wp","href":"https:\/\/api.w.org\/{rel}","templated":true}]}}