{"id":12279,"date":"2026-05-07T12:56:25","date_gmt":"2026-05-07T10:56:25","guid":{"rendered":"https:\/\/esentialaroms.com\/productos\/lycorose-50-ml-2\/"},"modified":"2026-05-07T14:22:06","modified_gmt":"2026-05-07T12:22:06","slug":"lycorose-50-ml-2","status":"publish","type":"product","link":"https:\/\/esentialaroms.com\/pt-pt\/productos\/lycorose-50-ml-2\/","title":{"rendered":"LYCOROSE 50 ml"},"content":{"rendered":"<div>Fonte de licopeno, caroten\u00f3ides e O3 vegetal (33 %) &nbsp;<\/div>\n","protected":false},"excerpt":{"rendered":"<div>Suplemento alimentar \u00e0 base de rosa mosqueta, sele\u00e7\u00e3o. &nbsp;<\/div>\n<div>\u00d3leo vegetal virgem de primeira press\u00e3o a frio obtido atrav\u00e9s de processos mec\u00e2nicos a partir dos frutos mais vermelhos selecionados, j\u00e1 que sua concentra\u00e7\u00e3o em LICOPENO \u00e9 8 vezes maior que a do teor do \u00f3leo convencional. &nbsp;<\/div>\n","protected":false},"featured_media":12280,"comment_status":"open","ping_status":"closed","template":"","meta":{"_acf_changed":false,"rs_blank_template":"","rs_page_bg_color":"","slide_template_v7":""},"product_brand":[],"product_cat":[528,525,356,323,471,341],"product_tag":[],"class_list":{"0":"post-12279","1":"product","2":"type-product","3":"status-publish","4":"has-post-thumbnail","6":"product_cat-a-beleza-vem-de-dentro","7":"product_cat-anti-envelhecimento","8":"product_cat-facial","9":"product_cat-familias","10":"product_cat-lycorose","11":"product_cat-precisa","13":"first","14":"instock","15":"shipping-taxable","16":"purchasable","17":"product-type-simple"},"acf":[],"_links":{"self":[{"href":"https:\/\/esentialaroms.com\/pt-pt\/wp-json\/wp\/v2\/product\/12279","targetHints":{"allow":["GET"]}}],"collection":[{"href":"https:\/\/esentialaroms.com\/pt-pt\/wp-json\/wp\/v2\/product"}],"about":[{"href":"https:\/\/esentialaroms.com\/pt-pt\/wp-json\/wp\/v2\/types\/product"}],"replies":[{"embeddable":true,"href":"https:\/\/esentialaroms.com\/pt-pt\/wp-json\/wp\/v2\/comments?post=12279"}],"version-history":[{"count":1,"href":"https:\/\/esentialaroms.com\/pt-pt\/wp-json\/wp\/v2\/product\/12279\/revisions"}],"predecessor-version":[{"id":12282,"href":"https:\/\/esentialaroms.com\/pt-pt\/wp-json\/wp\/v2\/product\/12279\/revisions\/12282"}],"wp:featuredmedia":[{"embeddable":true,"href":"https:\/\/esentialaroms.com\/pt-pt\/wp-json\/wp\/v2\/media\/12280"}],"wp:attachment":[{"href":"https:\/\/esentialaroms.com\/pt-pt\/wp-json\/wp\/v2\/media?parent=12279"}],"wp:term":[{"taxonomy":"product_brand","embeddable":true,"href":"https:\/\/esentialaroms.com\/pt-pt\/wp-json\/wp\/v2\/product_brand?post=12279"},{"taxonomy":"product_cat","embeddable":true,"href":"https:\/\/esentialaroms.com\/pt-pt\/wp-json\/wp\/v2\/product_cat?post=12279"},{"taxonomy":"product_tag","embeddable":true,"href":"https:\/\/esentialaroms.com\/pt-pt\/wp-json\/wp\/v2\/product_tag?post=12279"}],"curies":[{"name":"wp","href":"https:\/\/api.w.org\/{rel}","templated":true}]}}