{"id":12264,"date":"2026-05-07T12:56:22","date_gmt":"2026-05-07T10:56:22","guid":{"rendered":"https:\/\/esentialaroms.com\/productos\/aceite-vegetal-virgen-de-argan-50-ml-2\/"},"modified":"2026-05-07T14:22:05","modified_gmt":"2026-05-07T12:22:05","slug":"aceite-vegetal-virgen-de-argan-50-ml-2","status":"publish","type":"product","link":"https:\/\/esentialaroms.com\/pt-pt\/productos\/aceite-vegetal-virgen-de-argan-50-ml-2\/","title":{"rendered":"\u00d3LEO VEGETAL VIRGEM de Argan 50 ml"},"content":{"rendered":"","protected":false},"excerpt":{"rendered":"<div>\u00d3leo vegetal virgem de arg\u00e3o, cosm\u00e9tico 100 % natural, regenerador, 1.\u00aa prensagem a frio. &nbsp;<\/div>\n<div>O \u00f3leo virgem de ARGAN prov\u00e9m da 1.\u00aa press\u00e3o a frio da semente da \u00e1rvore de ARGAN (Argania spinosa), origin\u00e1ria de Marrocos. Tem um alto valor biol\u00f3gico devido a sua a\u00e7\u00e3o cut\u00e2nea altamente hidratante e nutritiva. Al\u00e9m disso, estimula a regenera\u00e7\u00e3o da pele, ajudando-a de forma eficaz a combater as rugas e a passagem do tempo. &nbsp;<\/div>\n","protected":false},"featured_media":12265,"comment_status":"open","ping_status":"closed","template":"","meta":{"_acf_changed":false,"rs_blank_template":"","rs_page_bg_color":"","slide_template_v7":""},"product_brand":[],"product_cat":[326,308,356,323,311,341,362],"product_tag":[],"class_list":{"0":"post-12264","1":"product","2":"type-product","3":"status-publish","4":"has-post-thumbnail","6":"product_cat-argan","7":"product_cat-aromaterapia","8":"product_cat-facial","9":"product_cat-familias","10":"product_cat-oleos-vegetais","11":"product_cat-precisa","12":"product_cat-tipo-de-pele","14":"first","15":"instock","16":"shipping-taxable","17":"purchasable","18":"product-type-simple"},"acf":[],"_links":{"self":[{"href":"https:\/\/esentialaroms.com\/pt-pt\/wp-json\/wp\/v2\/product\/12264","targetHints":{"allow":["GET"]}}],"collection":[{"href":"https:\/\/esentialaroms.com\/pt-pt\/wp-json\/wp\/v2\/product"}],"about":[{"href":"https:\/\/esentialaroms.com\/pt-pt\/wp-json\/wp\/v2\/types\/product"}],"replies":[{"embeddable":true,"href":"https:\/\/esentialaroms.com\/pt-pt\/wp-json\/wp\/v2\/comments?post=12264"}],"version-history":[{"count":1,"href":"https:\/\/esentialaroms.com\/pt-pt\/wp-json\/wp\/v2\/product\/12264\/revisions"}],"predecessor-version":[{"id":12267,"href":"https:\/\/esentialaroms.com\/pt-pt\/wp-json\/wp\/v2\/product\/12264\/revisions\/12267"}],"wp:featuredmedia":[{"embeddable":true,"href":"https:\/\/esentialaroms.com\/pt-pt\/wp-json\/wp\/v2\/media\/12265"}],"wp:attachment":[{"href":"https:\/\/esentialaroms.com\/pt-pt\/wp-json\/wp\/v2\/media?parent=12264"}],"wp:term":[{"taxonomy":"product_brand","embeddable":true,"href":"https:\/\/esentialaroms.com\/pt-pt\/wp-json\/wp\/v2\/product_brand?post=12264"},{"taxonomy":"product_cat","embeddable":true,"href":"https:\/\/esentialaroms.com\/pt-pt\/wp-json\/wp\/v2\/product_cat?post=12264"},{"taxonomy":"product_tag","embeddable":true,"href":"https:\/\/esentialaroms.com\/pt-pt\/wp-json\/wp\/v2\/product_tag?post=12264"}],"curies":[{"name":"wp","href":"https:\/\/api.w.org\/{rel}","templated":true}]}}