{"id":12248,"date":"2026-05-07T12:56:18","date_gmt":"2026-05-07T10:56:18","guid":{"rendered":"https:\/\/esentialaroms.com\/productos\/crema-de-dia-argan-2\/"},"modified":"2026-05-07T14:22:05","modified_gmt":"2026-05-07T12:22:05","slug":"crema-de-dia-argan-2","status":"publish","type":"product","link":"https:\/\/esentialaroms.com\/pt-pt\/productos\/crema-de-dia-argan-2\/","title":{"rendered":"CREME DE DIA Argan"},"content":{"rendered":"<div>Creme de dia de argan com \u00e1cido hialur\u00f3nico vegetal. Para pele seca. &nbsp;<\/div>\n<div>Nutri\u00e7\u00e3o profunda. A\u00e7\u00e3o protetora antimanchas. Cuidado antienvelhecimento UV. &nbsp;<\/div>\n","protected":false},"excerpt":{"rendered":"<div>Este creme \u00e9 muito rico em fitoativos (\u00f3leos vegetais virgens e \u00f3leos essenciais). Especialmente formulado para regenerar, nutrir, hidratar adequadamente a pele e produzir um efeito antirrugas. A sua formula\u00e7\u00e3o, certificada natural, respeita &nbsp;<\/div>\n<div>totalmente as fun\u00e7\u00f5es da pele. &nbsp;<\/div>\n","protected":false},"featured_media":12249,"comment_status":"open","ping_status":"closed","template":"","meta":{"_acf_changed":false,"rs_blank_template":"","rs_page_bg_color":"","slide_template_v7":""},"product_brand":[],"product_cat":[326,557,356,323,341,362],"product_tag":[],"class_list":{"0":"post-12248","1":"product","2":"type-product","3":"status-publish","4":"has-post-thumbnail","6":"product_cat-argan","7":"product_cat-best-sellers","8":"product_cat-facial","9":"product_cat-familias","10":"product_cat-precisa","11":"product_cat-tipo-de-pele","13":"first","14":"instock","15":"shipping-taxable","16":"purchasable","17":"product-type-simple"},"acf":[],"_links":{"self":[{"href":"https:\/\/esentialaroms.com\/pt-pt\/wp-json\/wp\/v2\/product\/12248","targetHints":{"allow":["GET"]}}],"collection":[{"href":"https:\/\/esentialaroms.com\/pt-pt\/wp-json\/wp\/v2\/product"}],"about":[{"href":"https:\/\/esentialaroms.com\/pt-pt\/wp-json\/wp\/v2\/types\/product"}],"replies":[{"embeddable":true,"href":"https:\/\/esentialaroms.com\/pt-pt\/wp-json\/wp\/v2\/comments?post=12248"}],"version-history":[{"count":1,"href":"https:\/\/esentialaroms.com\/pt-pt\/wp-json\/wp\/v2\/product\/12248\/revisions"}],"predecessor-version":[{"id":12252,"href":"https:\/\/esentialaroms.com\/pt-pt\/wp-json\/wp\/v2\/product\/12248\/revisions\/12252"}],"wp:featuredmedia":[{"embeddable":true,"href":"https:\/\/esentialaroms.com\/pt-pt\/wp-json\/wp\/v2\/media\/12249"}],"wp:attachment":[{"href":"https:\/\/esentialaroms.com\/pt-pt\/wp-json\/wp\/v2\/media?parent=12248"}],"wp:term":[{"taxonomy":"product_brand","embeddable":true,"href":"https:\/\/esentialaroms.com\/pt-pt\/wp-json\/wp\/v2\/product_brand?post=12248"},{"taxonomy":"product_cat","embeddable":true,"href":"https:\/\/esentialaroms.com\/pt-pt\/wp-json\/wp\/v2\/product_cat?post=12248"},{"taxonomy":"product_tag","embeddable":true,"href":"https:\/\/esentialaroms.com\/pt-pt\/wp-json\/wp\/v2\/product_tag?post=12248"}],"curies":[{"name":"wp","href":"https:\/\/api.w.org\/{rel}","templated":true}]}}