{"id":12231,"date":"2026-05-07T12:56:12","date_gmt":"2026-05-07T10:56:12","guid":{"rendered":"https:\/\/esentialaroms.com\/productos\/serum-facial-argan-2\/"},"modified":"2026-05-07T14:22:04","modified_gmt":"2026-05-07T12:22:04","slug":"serum-facial-argan-2","status":"publish","type":"product","link":"https:\/\/esentialaroms.com\/pt-pt\/productos\/serum-facial-argan-2\/","title":{"rendered":"SORO FACIAL Argan"},"content":{"rendered":"","protected":false},"excerpt":{"rendered":"<div>S\u00e9rum natural que cont\u00e9m \u00f3leos essenciais regeneradores que ajudam a combater os sinais do tempo. &nbsp;<\/div>\n","protected":false},"featured_media":12232,"comment_status":"open","ping_status":"closed","template":"","meta":{"_acf_changed":false,"rs_blank_template":"","rs_page_bg_color":"","slide_template_v7":""},"product_brand":[],"product_cat":[326,356,323,328,341,362],"product_tag":[],"class_list":{"0":"post-12231","1":"product","2":"type-product","3":"status-publish","4":"has-post-thumbnail","6":"product_cat-argan","7":"product_cat-facial","8":"product_cat-familias","9":"product_cat-phytoserum","10":"product_cat-precisa","11":"product_cat-tipo-de-pele","13":"first","14":"instock","15":"shipping-taxable","16":"purchasable","17":"product-type-simple"},"acf":[],"_links":{"self":[{"href":"https:\/\/esentialaroms.com\/pt-pt\/wp-json\/wp\/v2\/product\/12231","targetHints":{"allow":["GET"]}}],"collection":[{"href":"https:\/\/esentialaroms.com\/pt-pt\/wp-json\/wp\/v2\/product"}],"about":[{"href":"https:\/\/esentialaroms.com\/pt-pt\/wp-json\/wp\/v2\/types\/product"}],"replies":[{"embeddable":true,"href":"https:\/\/esentialaroms.com\/pt-pt\/wp-json\/wp\/v2\/comments?post=12231"}],"version-history":[{"count":1,"href":"https:\/\/esentialaroms.com\/pt-pt\/wp-json\/wp\/v2\/product\/12231\/revisions"}],"predecessor-version":[{"id":12233,"href":"https:\/\/esentialaroms.com\/pt-pt\/wp-json\/wp\/v2\/product\/12231\/revisions\/12233"}],"wp:featuredmedia":[{"embeddable":true,"href":"https:\/\/esentialaroms.com\/pt-pt\/wp-json\/wp\/v2\/media\/12232"}],"wp:attachment":[{"href":"https:\/\/esentialaroms.com\/pt-pt\/wp-json\/wp\/v2\/media?parent=12231"}],"wp:term":[{"taxonomy":"product_brand","embeddable":true,"href":"https:\/\/esentialaroms.com\/pt-pt\/wp-json\/wp\/v2\/product_brand?post=12231"},{"taxonomy":"product_cat","embeddable":true,"href":"https:\/\/esentialaroms.com\/pt-pt\/wp-json\/wp\/v2\/product_cat?post=12231"},{"taxonomy":"product_tag","embeddable":true,"href":"https:\/\/esentialaroms.com\/pt-pt\/wp-json\/wp\/v2\/product_tag?post=12231"}],"curies":[{"name":"wp","href":"https:\/\/api.w.org\/{rel}","templated":true}]}}