{"id":12219,"date":"2026-05-07T12:56:09","date_gmt":"2026-05-07T10:56:09","guid":{"rendered":"https:\/\/esentialaroms.com\/productos\/aceite-de-masaje-corporal-argan-2\/"},"modified":"2026-05-07T14:22:04","modified_gmt":"2026-05-07T12:22:04","slug":"aceite-de-masaje-corporal-argan-2","status":"publish","type":"product","link":"https:\/\/esentialaroms.com\/pt-pt\/productos\/aceite-de-masaje-corporal-argan-2\/","title":{"rendered":"\u00d3LEO DE MASSAGEM CORPORAL Argan"},"content":{"rendered":"","protected":false},"excerpt":{"rendered":"<div>\u00d3leo corporal com \u00f3leos essenciais regeneradores que ajudam a combater os sinais do tempo. Com arg\u00e3o, caro\u00e7o de damasco, s\u00e2ndalo &amp; ylang-ylang. Natural com ingredientes org\u00e2nicos. &nbsp;<\/div>\n","protected":false},"featured_media":12220,"comment_status":"open","ping_status":"closed","template":"","meta":{"_acf_changed":false,"rs_blank_template":"","rs_page_bg_color":"","slide_template_v7":""},"product_brand":[],"product_cat":[525,326,504,507,356,323,368,540,365,341],"product_tag":[],"class_list":{"0":"post-12219","1":"product","2":"type-product","3":"status-publish","4":"has-post-thumbnail","6":"product_cat-anti-envelhecimento","7":"product_cat-argan","8":"product_cat-corporalmente","9":"product_cat-cuidados-com-o-corpo","10":"product_cat-facial","11":"product_cat-familias","12":"product_cat-massagem-anti-stress-e-anti-fadiga","13":"product_cat-massagem-para-adultos","14":"product_cat-massagens-terapeuticas","15":"product_cat-precisa","17":"first","18":"instock","19":"shipping-taxable","20":"purchasable","21":"product-type-simple"},"acf":[],"_links":{"self":[{"href":"https:\/\/esentialaroms.com\/pt-pt\/wp-json\/wp\/v2\/product\/12219","targetHints":{"allow":["GET"]}}],"collection":[{"href":"https:\/\/esentialaroms.com\/pt-pt\/wp-json\/wp\/v2\/product"}],"about":[{"href":"https:\/\/esentialaroms.com\/pt-pt\/wp-json\/wp\/v2\/types\/product"}],"replies":[{"embeddable":true,"href":"https:\/\/esentialaroms.com\/pt-pt\/wp-json\/wp\/v2\/comments?post=12219"}],"version-history":[{"count":1,"href":"https:\/\/esentialaroms.com\/pt-pt\/wp-json\/wp\/v2\/product\/12219\/revisions"}],"predecessor-version":[{"id":12222,"href":"https:\/\/esentialaroms.com\/pt-pt\/wp-json\/wp\/v2\/product\/12219\/revisions\/12222"}],"wp:featuredmedia":[{"embeddable":true,"href":"https:\/\/esentialaroms.com\/pt-pt\/wp-json\/wp\/v2\/media\/12220"}],"wp:attachment":[{"href":"https:\/\/esentialaroms.com\/pt-pt\/wp-json\/wp\/v2\/media?parent=12219"}],"wp:term":[{"taxonomy":"product_brand","embeddable":true,"href":"https:\/\/esentialaroms.com\/pt-pt\/wp-json\/wp\/v2\/product_brand?post=12219"},{"taxonomy":"product_cat","embeddable":true,"href":"https:\/\/esentialaroms.com\/pt-pt\/wp-json\/wp\/v2\/product_cat?post=12219"},{"taxonomy":"product_tag","embeddable":true,"href":"https:\/\/esentialaroms.com\/pt-pt\/wp-json\/wp\/v2\/product_tag?post=12219"}],"curies":[{"name":"wp","href":"https:\/\/api.w.org\/{rel}","templated":true}]}}