{"id":12174,"date":"2026-05-07T12:55:52","date_gmt":"2026-05-07T10:55:52","guid":{"rendered":"https:\/\/esentialaroms.com\/productos\/aceite-vegetal-virgen-de-rosa-mosqueta-15-ml-2\/"},"modified":"2026-05-07T14:22:02","modified_gmt":"2026-05-07T12:22:02","slug":"aceite-vegetal-virgen-de-rosa-mosqueta-15-ml-2","status":"publish","type":"product","link":"https:\/\/esentialaroms.com\/pt-pt\/productos\/aceite-vegetal-virgen-de-rosa-mosqueta-15-ml-2\/","title":{"rendered":"\u00d3LEO VEGETAL VIRGEM de Rosa-mosqueta 15 ml"},"content":{"rendered":"","protected":false},"excerpt":{"rendered":"<div>\u00d3leo vegetal obtido por 1\u00aa prensagem a frio de frutos silvestres colhidos, considerado da mais alta qualidade. Regenera e nutre as peles mais desvitalizadas, atenua e esbate as rugas, previne o aparecimento de manchas cut\u00e2neas e \u00e9 ideal para depois da exposi\u00e7\u00e3o solar e para o tratamento de queimaduras solares. Tem tamb\u00e9m um efeito reafirmante e \u00e9 recomendado para o tratamento intensivo das rugas. &nbsp;<\/div>\n","protected":false},"featured_media":12175,"comment_status":"open","ping_status":"closed","template":"","meta":{"_acf_changed":false,"rs_blank_template":"","rs_page_bg_color":"","slide_template_v7":""},"product_brand":[],"product_cat":[308,323,311,486],"product_tag":[],"class_list":{"0":"post-12174","1":"product","2":"type-product","3":"status-publish","4":"has-post-thumbnail","6":"product_cat-aromaterapia","7":"product_cat-familias","8":"product_cat-oleos-vegetais","9":"product_cat-rosa-mosqueta","11":"first","12":"instock","13":"shipping-taxable","14":"purchasable","15":"product-type-simple"},"acf":[],"_links":{"self":[{"href":"https:\/\/esentialaroms.com\/pt-pt\/wp-json\/wp\/v2\/product\/12174","targetHints":{"allow":["GET"]}}],"collection":[{"href":"https:\/\/esentialaroms.com\/pt-pt\/wp-json\/wp\/v2\/product"}],"about":[{"href":"https:\/\/esentialaroms.com\/pt-pt\/wp-json\/wp\/v2\/types\/product"}],"replies":[{"embeddable":true,"href":"https:\/\/esentialaroms.com\/pt-pt\/wp-json\/wp\/v2\/comments?post=12174"}],"version-history":[{"count":1,"href":"https:\/\/esentialaroms.com\/pt-pt\/wp-json\/wp\/v2\/product\/12174\/revisions"}],"predecessor-version":[{"id":12177,"href":"https:\/\/esentialaroms.com\/pt-pt\/wp-json\/wp\/v2\/product\/12174\/revisions\/12177"}],"wp:featuredmedia":[{"embeddable":true,"href":"https:\/\/esentialaroms.com\/pt-pt\/wp-json\/wp\/v2\/media\/12175"}],"wp:attachment":[{"href":"https:\/\/esentialaroms.com\/pt-pt\/wp-json\/wp\/v2\/media?parent=12174"}],"wp:term":[{"taxonomy":"product_brand","embeddable":true,"href":"https:\/\/esentialaroms.com\/pt-pt\/wp-json\/wp\/v2\/product_brand?post=12174"},{"taxonomy":"product_cat","embeddable":true,"href":"https:\/\/esentialaroms.com\/pt-pt\/wp-json\/wp\/v2\/product_cat?post=12174"},{"taxonomy":"product_tag","embeddable":true,"href":"https:\/\/esentialaroms.com\/pt-pt\/wp-json\/wp\/v2\/product_tag?post=12174"}],"curies":[{"name":"wp","href":"https:\/\/api.w.org\/{rel}","templated":true}]}}