{"id":12144,"date":"2026-05-07T12:55:46","date_gmt":"2026-05-07T10:55:46","guid":{"rendered":"https:\/\/esentialaroms.com\/productos\/aceite-vegetal-virgen-de-perilla-bio-100-ml-2\/"},"modified":"2026-05-07T14:22:01","modified_gmt":"2026-05-07T12:22:01","slug":"aceite-vegetal-virgen-de-perilla-bio-100-ml-2","status":"publish","type":"product","link":"https:\/\/esentialaroms.com\/pt-pt\/productos\/aceite-vegetal-virgen-de-perilla-bio-100-ml-2\/","title":{"rendered":"\u00d3LEO VEGETAL VIRGEM DE PERILLA BIO 100 ml"},"content":{"rendered":"<div>Suplemento alimentar a base de \u00f3leo virgem de perilla. Fonte de O-3 vegetal. &nbsp;<\/div>\n","protected":false},"excerpt":{"rendered":"<div>\u00d3leo vegetal virgem de perila de primeira press\u00e3o a frio, obtido a partir de sementes de Perilla frutescens de agricultura biol\u00f3gica. Destaca-se pelo seu perfil lip\u00eddico naturalmente rico em \u00e1cidos gordos polinsaturados, especialmente \u00e1cido alfa-linol\u00e9nico (omega-3), que contribui para complementar a ingest\u00e3o di\u00e1ria deste \u00e1cido gordo essencial de origem vegetal. &nbsp;<\/div>\n","protected":false},"featured_media":12145,"comment_status":"open","ping_status":"closed","template":"","meta":{"_acf_changed":false,"rs_blank_template":"","rs_page_bg_color":"","slide_template_v7":""},"product_brand":[],"product_cat":[308,311],"product_tag":[],"class_list":{"0":"post-12144","1":"product","2":"type-product","3":"status-publish","4":"has-post-thumbnail","6":"product_cat-aromaterapia","7":"product_cat-oleos-vegetais","9":"first","10":"instock","11":"shipping-taxable","12":"purchasable","13":"product-type-simple"},"acf":[],"_links":{"self":[{"href":"https:\/\/esentialaroms.com\/pt-pt\/wp-json\/wp\/v2\/product\/12144","targetHints":{"allow":["GET"]}}],"collection":[{"href":"https:\/\/esentialaroms.com\/pt-pt\/wp-json\/wp\/v2\/product"}],"about":[{"href":"https:\/\/esentialaroms.com\/pt-pt\/wp-json\/wp\/v2\/types\/product"}],"replies":[{"embeddable":true,"href":"https:\/\/esentialaroms.com\/pt-pt\/wp-json\/wp\/v2\/comments?post=12144"}],"version-history":[{"count":1,"href":"https:\/\/esentialaroms.com\/pt-pt\/wp-json\/wp\/v2\/product\/12144\/revisions"}],"predecessor-version":[{"id":12147,"href":"https:\/\/esentialaroms.com\/pt-pt\/wp-json\/wp\/v2\/product\/12144\/revisions\/12147"}],"wp:featuredmedia":[{"embeddable":true,"href":"https:\/\/esentialaroms.com\/pt-pt\/wp-json\/wp\/v2\/media\/12145"}],"wp:attachment":[{"href":"https:\/\/esentialaroms.com\/pt-pt\/wp-json\/wp\/v2\/media?parent=12144"}],"wp:term":[{"taxonomy":"product_brand","embeddable":true,"href":"https:\/\/esentialaroms.com\/pt-pt\/wp-json\/wp\/v2\/product_brand?post=12144"},{"taxonomy":"product_cat","embeddable":true,"href":"https:\/\/esentialaroms.com\/pt-pt\/wp-json\/wp\/v2\/product_cat?post=12144"},{"taxonomy":"product_tag","embeddable":true,"href":"https:\/\/esentialaroms.com\/pt-pt\/wp-json\/wp\/v2\/product_tag?post=12144"}],"curies":[{"name":"wp","href":"https:\/\/api.w.org\/{rel}","templated":true}]}}