{"id":12128,"date":"2026-05-07T12:55:42","date_gmt":"2026-05-07T10:55:42","guid":{"rendered":"https:\/\/esentialaroms.com\/productos\/aceite-vegetal-virgen-de-argan-100-ml-2\/"},"modified":"2026-05-07T14:22:00","modified_gmt":"2026-05-07T12:22:00","slug":"aceite-vegetal-virgen-de-argan-100-ml-2","status":"publish","type":"product","link":"https:\/\/esentialaroms.com\/pt-pt\/productos\/aceite-vegetal-virgen-de-argan-100-ml-2\/","title":{"rendered":"\u00d3LEO VEGETAL VIRGEM de Argan 100 ml"},"content":{"rendered":"","protected":false},"excerpt":{"rendered":"<div>\u00d3leo vegetal virgem de arg\u00e3o, cosm\u00e9tico 100 % natural, regenerador, 1.\u00aa prensagem a frio. &nbsp;<\/div>\n<div>O \u00f3leo virgem de ARGAN prov\u00e9m da 1.\u00aa press\u00e3o a frio da semente da \u00e1rvore de ARGAN (Argania spinosa), origin\u00e1ria de Marrocos. Tem um alto valor biol\u00f3gico devido a sua a\u00e7\u00e3o cut\u00e2nea altamente hidratante e nutritiva. Al\u00e9m disso, estimula a regenera\u00e7\u00e3o da pele, ajudando-a de forma eficaz a combater as rugas e a passagem do tempo. &nbsp;<\/div>\n","protected":false},"featured_media":12129,"comment_status":"open","ping_status":"closed","template":"","meta":{"_acf_changed":false,"rs_blank_template":"","rs_page_bg_color":"","slide_template_v7":""},"product_brand":[],"product_cat":[326,308,504,356,323,311,513,341,362],"product_tag":[],"class_list":{"0":"post-12128","1":"product","2":"type-product","3":"status-publish","4":"has-post-thumbnail","6":"product_cat-argan","7":"product_cat-aromaterapia","8":"product_cat-corporalmente","9":"product_cat-facial","10":"product_cat-familias","11":"product_cat-oleos-vegetais","12":"product_cat-pernas-e-pes","13":"product_cat-precisa","14":"product_cat-tipo-de-pele","16":"first","17":"instock","18":"shipping-taxable","19":"purchasable","20":"product-type-simple"},"acf":[],"_links":{"self":[{"href":"https:\/\/esentialaroms.com\/pt-pt\/wp-json\/wp\/v2\/product\/12128","targetHints":{"allow":["GET"]}}],"collection":[{"href":"https:\/\/esentialaroms.com\/pt-pt\/wp-json\/wp\/v2\/product"}],"about":[{"href":"https:\/\/esentialaroms.com\/pt-pt\/wp-json\/wp\/v2\/types\/product"}],"replies":[{"embeddable":true,"href":"https:\/\/esentialaroms.com\/pt-pt\/wp-json\/wp\/v2\/comments?post=12128"}],"version-history":[{"count":1,"href":"https:\/\/esentialaroms.com\/pt-pt\/wp-json\/wp\/v2\/product\/12128\/revisions"}],"predecessor-version":[{"id":12132,"href":"https:\/\/esentialaroms.com\/pt-pt\/wp-json\/wp\/v2\/product\/12128\/revisions\/12132"}],"wp:featuredmedia":[{"embeddable":true,"href":"https:\/\/esentialaroms.com\/pt-pt\/wp-json\/wp\/v2\/media\/12129"}],"wp:attachment":[{"href":"https:\/\/esentialaroms.com\/pt-pt\/wp-json\/wp\/v2\/media?parent=12128"}],"wp:term":[{"taxonomy":"product_brand","embeddable":true,"href":"https:\/\/esentialaroms.com\/pt-pt\/wp-json\/wp\/v2\/product_brand?post=12128"},{"taxonomy":"product_cat","embeddable":true,"href":"https:\/\/esentialaroms.com\/pt-pt\/wp-json\/wp\/v2\/product_cat?post=12128"},{"taxonomy":"product_tag","embeddable":true,"href":"https:\/\/esentialaroms.com\/pt-pt\/wp-json\/wp\/v2\/product_tag?post=12128"}],"curies":[{"name":"wp","href":"https:\/\/api.w.org\/{rel}","templated":true}]}}