{"id":12095,"date":"2026-05-07T12:55:34","date_gmt":"2026-05-07T10:55:34","guid":{"rendered":"https:\/\/esentialaroms.com\/productos\/aceite-vegetal-virgen-de-pepita-de-frambuesa-rubus-idaeus-100-ml-2\/"},"modified":"2026-05-07T14:22:00","modified_gmt":"2026-05-07T12:22:00","slug":"aceite-vegetal-virgen-de-pepita-de-frambuesa-rubus-idaeus-100-ml-2","status":"publish","type":"product","link":"https:\/\/esentialaroms.com\/pt-pt\/productos\/aceite-vegetal-virgen-de-pepita-de-frambuesa-rubus-idaeus-100-ml-2\/","title":{"rendered":"\u00d3leo vegetal virgem de SEMENTE DE FRAMBOESA (Rubus idaeus) 100 ml"},"content":{"rendered":"","protected":false},"excerpt":{"rendered":"<div>Compl\u00e9ment alimentaire \u00e0 base d\u2019huile v\u00e9g\u00e9tale de p\u00e9pin de framboise. Source de ?-3. &nbsp;<\/div>\n<div>Devido \u00e0 sua composi\u00e7\u00e3o em \u00e1cidos gordos de aproximadamente 52% de \u00e1cido linoleico (?6), 14% de \u00e1cido oleico (?9) e 24% de \u00e1cido alfa-linol\u00e9nico (?3) e do seu conte\u00fado em vitamina Ee vitamina Atorna-se um produto adequado para o cuidado da pele madura e para intensificar a regenera\u00e7\u00e3o, principalmente a n\u00edvel facial. &nbsp;<\/div>\n","protected":false},"featured_media":12096,"comment_status":"open","ping_status":"closed","template":"","meta":{"_acf_changed":false,"rs_blank_template":"","rs_page_bg_color":"","slide_template_v7":""},"product_brand":[],"product_cat":[308,311],"product_tag":[],"class_list":{"0":"post-12095","1":"product","2":"type-product","3":"status-publish","4":"has-post-thumbnail","6":"product_cat-aromaterapia","7":"product_cat-oleos-vegetais","9":"first","10":"instock","11":"shipping-taxable","12":"purchasable","13":"product-type-simple"},"acf":[],"_links":{"self":[{"href":"https:\/\/esentialaroms.com\/pt-pt\/wp-json\/wp\/v2\/product\/12095","targetHints":{"allow":["GET"]}}],"collection":[{"href":"https:\/\/esentialaroms.com\/pt-pt\/wp-json\/wp\/v2\/product"}],"about":[{"href":"https:\/\/esentialaroms.com\/pt-pt\/wp-json\/wp\/v2\/types\/product"}],"replies":[{"embeddable":true,"href":"https:\/\/esentialaroms.com\/pt-pt\/wp-json\/wp\/v2\/comments?post=12095"}],"version-history":[{"count":1,"href":"https:\/\/esentialaroms.com\/pt-pt\/wp-json\/wp\/v2\/product\/12095\/revisions"}],"predecessor-version":[{"id":12098,"href":"https:\/\/esentialaroms.com\/pt-pt\/wp-json\/wp\/v2\/product\/12095\/revisions\/12098"}],"wp:featuredmedia":[{"embeddable":true,"href":"https:\/\/esentialaroms.com\/pt-pt\/wp-json\/wp\/v2\/media\/12096"}],"wp:attachment":[{"href":"https:\/\/esentialaroms.com\/pt-pt\/wp-json\/wp\/v2\/media?parent=12095"}],"wp:term":[{"taxonomy":"product_brand","embeddable":true,"href":"https:\/\/esentialaroms.com\/pt-pt\/wp-json\/wp\/v2\/product_brand?post=12095"},{"taxonomy":"product_cat","embeddable":true,"href":"https:\/\/esentialaroms.com\/pt-pt\/wp-json\/wp\/v2\/product_cat?post=12095"},{"taxonomy":"product_tag","embeddable":true,"href":"https:\/\/esentialaroms.com\/pt-pt\/wp-json\/wp\/v2\/product_tag?post=12095"}],"curies":[{"name":"wp","href":"https:\/\/api.w.org\/{rel}","templated":true}]}}