{"id":12080,"date":"2026-05-07T12:55:30","date_gmt":"2026-05-07T10:55:30","guid":{"rendered":"https:\/\/esentialaroms.com\/productos\/aceite-vegetal-virgen-de-sesamo-sesamum-indicum-bio-100-ml-2\/"},"modified":"2026-05-07T14:21:59","modified_gmt":"2026-05-07T12:21:59","slug":"aceite-vegetal-virgen-de-sesamo-sesamum-indicum-bio-100-ml-2","status":"publish","type":"product","link":"https:\/\/esentialaroms.com\/pt-pt\/productos\/aceite-vegetal-virgen-de-sesamo-sesamum-indicum-bio-100-ml-2\/","title":{"rendered":"\u00d3leo vegetal virgem de S\u00c9SAMO (Sesamum indicum) BIO 100 ml"},"content":{"rendered":"","protected":false},"excerpt":{"rendered":"<div>Compl\u00e9ment alimentaire \u00e0 base d\u2019huile v\u00e9g\u00e9tale de s\u00e9same. Source de ?-6 et ?-9. &nbsp;<\/div>\n<div>Devido \u00e0 sua composi\u00e7\u00e3o em \u00e1cidos gordos de aproximadamente 41% de \u00e1cido linoleico (?6) e 42% de \u00e1cido oleico (?9) torna-se um produto adequado para o cuidado da pele seca e desnutrida. Ideal para a massagem corporal e elabora\u00e7\u00e3o de f\u00f3rmulas para a massagem respirat\u00f3ria e articular. &nbsp;<\/div>\n","protected":false},"featured_media":12081,"comment_status":"open","ping_status":"closed","template":"","meta":{"_acf_changed":false,"rs_blank_template":"","rs_page_bg_color":"","slide_template_v7":""},"product_brand":[],"product_cat":[308,560,311],"product_tag":[],"class_list":{"0":"post-12080","1":"product","2":"type-product","3":"status-publish","4":"has-post-thumbnail","6":"product_cat-aromaterapia","7":"product_cat-novos-produtos","8":"product_cat-oleos-vegetais","10":"first","11":"instock","12":"shipping-taxable","13":"purchasable","14":"product-type-simple"},"acf":[],"_links":{"self":[{"href":"https:\/\/esentialaroms.com\/pt-pt\/wp-json\/wp\/v2\/product\/12080","targetHints":{"allow":["GET"]}}],"collection":[{"href":"https:\/\/esentialaroms.com\/pt-pt\/wp-json\/wp\/v2\/product"}],"about":[{"href":"https:\/\/esentialaroms.com\/pt-pt\/wp-json\/wp\/v2\/types\/product"}],"replies":[{"embeddable":true,"href":"https:\/\/esentialaroms.com\/pt-pt\/wp-json\/wp\/v2\/comments?post=12080"}],"version-history":[{"count":1,"href":"https:\/\/esentialaroms.com\/pt-pt\/wp-json\/wp\/v2\/product\/12080\/revisions"}],"predecessor-version":[{"id":12083,"href":"https:\/\/esentialaroms.com\/pt-pt\/wp-json\/wp\/v2\/product\/12080\/revisions\/12083"}],"wp:featuredmedia":[{"embeddable":true,"href":"https:\/\/esentialaroms.com\/pt-pt\/wp-json\/wp\/v2\/media\/12081"}],"wp:attachment":[{"href":"https:\/\/esentialaroms.com\/pt-pt\/wp-json\/wp\/v2\/media?parent=12080"}],"wp:term":[{"taxonomy":"product_brand","embeddable":true,"href":"https:\/\/esentialaroms.com\/pt-pt\/wp-json\/wp\/v2\/product_brand?post=12080"},{"taxonomy":"product_cat","embeddable":true,"href":"https:\/\/esentialaroms.com\/pt-pt\/wp-json\/wp\/v2\/product_cat?post=12080"},{"taxonomy":"product_tag","embeddable":true,"href":"https:\/\/esentialaroms.com\/pt-pt\/wp-json\/wp\/v2\/product_tag?post=12080"}],"curies":[{"name":"wp","href":"https:\/\/api.w.org\/{rel}","templated":true}]}}