{"id":11990,"date":"2026-05-07T12:54:59","date_gmt":"2026-05-07T10:54:59","guid":{"rendered":"https:\/\/esentialaroms.com\/productos\/aceite-vegetal-virgen-de-onagra-oenothera-biennis-bio-100-ml-2\/"},"modified":"2026-05-07T14:21:57","modified_gmt":"2026-05-07T12:21:57","slug":"aceite-vegetal-virgen-de-onagra-oenothera-biennis-bio-100-ml-2","status":"publish","type":"product","link":"https:\/\/esentialaroms.com\/pt-pt\/productos\/aceite-vegetal-virgen-de-onagra-oenothera-biennis-bio-100-ml-2\/","title":{"rendered":"\u00d3leo vegetal virgem de ONAGRA (Oenothera biennis) BIO 100 ml"},"content":{"rendered":"","protected":false},"excerpt":{"rendered":"<div>\u00d3leo vegetal virgem de onagra \u00b7 Fonte de ?-linol\u00e9nico (GLA) (O-6). Suplemento alimentar \u00e0 base de \u00f3leo de onagra. &nbsp;<\/div>\n<div>Devido \u00e0 sua composi\u00e7\u00e3o em \u00e1cidos gordos de aproximadamente 74% de \u00e1cido linoleico (?6), 66,8% de \u00e1cido oleico (?9) e 10% de \u00e1cido ?-linol\u00e9nico (GLA) torna-se um produto adequado para o cuidado da pele sens\u00edvel-seca e reativa. &nbsp;<\/div>\n","protected":false},"featured_media":11991,"comment_status":"open","ping_status":"closed","template":"","meta":{"_acf_changed":false,"rs_blank_template":"","rs_page_bg_color":"","slide_template_v7":""},"product_brand":[],"product_cat":[308,311],"product_tag":[],"class_list":{"0":"post-11990","1":"product","2":"type-product","3":"status-publish","4":"has-post-thumbnail","6":"product_cat-aromaterapia","7":"product_cat-oleos-vegetais","9":"first","10":"instock","11":"shipping-taxable","12":"purchasable","13":"product-type-simple"},"acf":[],"_links":{"self":[{"href":"https:\/\/esentialaroms.com\/pt-pt\/wp-json\/wp\/v2\/product\/11990","targetHints":{"allow":["GET"]}}],"collection":[{"href":"https:\/\/esentialaroms.com\/pt-pt\/wp-json\/wp\/v2\/product"}],"about":[{"href":"https:\/\/esentialaroms.com\/pt-pt\/wp-json\/wp\/v2\/types\/product"}],"replies":[{"embeddable":true,"href":"https:\/\/esentialaroms.com\/pt-pt\/wp-json\/wp\/v2\/comments?post=11990"}],"version-history":[{"count":1,"href":"https:\/\/esentialaroms.com\/pt-pt\/wp-json\/wp\/v2\/product\/11990\/revisions"}],"predecessor-version":[{"id":11993,"href":"https:\/\/esentialaroms.com\/pt-pt\/wp-json\/wp\/v2\/product\/11990\/revisions\/11993"}],"wp:featuredmedia":[{"embeddable":true,"href":"https:\/\/esentialaroms.com\/pt-pt\/wp-json\/wp\/v2\/media\/11991"}],"wp:attachment":[{"href":"https:\/\/esentialaroms.com\/pt-pt\/wp-json\/wp\/v2\/media?parent=11990"}],"wp:term":[{"taxonomy":"product_brand","embeddable":true,"href":"https:\/\/esentialaroms.com\/pt-pt\/wp-json\/wp\/v2\/product_brand?post=11990"},{"taxonomy":"product_cat","embeddable":true,"href":"https:\/\/esentialaroms.com\/pt-pt\/wp-json\/wp\/v2\/product_cat?post=11990"},{"taxonomy":"product_tag","embeddable":true,"href":"https:\/\/esentialaroms.com\/pt-pt\/wp-json\/wp\/v2\/product_tag?post=11990"}],"curies":[{"name":"wp","href":"https:\/\/api.w.org\/{rel}","templated":true}]}}