{"id":11863,"date":"2026-05-07T12:46:45","date_gmt":"2026-05-07T10:46:45","guid":{"rendered":"https:\/\/esentialaroms.com\/productos\/aceite-vegetal-virgen-de-perilla-perilla-frutescens-bio-500-ml-2\/"},"modified":"2026-05-07T14:21:55","modified_gmt":"2026-05-07T12:21:55","slug":"aceite-vegetal-virgen-de-perilla-perilla-frutescens-bio-500-ml-2","status":"publish","type":"product","link":"https:\/\/esentialaroms.com\/pt-pt\/productos\/aceite-vegetal-virgen-de-perilla-perilla-frutescens-bio-500-ml-2\/","title":{"rendered":"\u00d3leo vegetal virgem de PERILLA (Perilla frutescens)BIO 500 ml"},"content":{"rendered":"","protected":false},"excerpt":{"rendered":"<div>Suplemento alimentar a base de \u00f3leo virgem de perilla. Fonte de ?-3 vegetal. &nbsp;<\/div>\n<div>Devido \u00e0 sua composi\u00e7\u00e3o em \u00e1cidos gordos de aproximadamente 14% de \u00e1cido linoleico (?6), 16% de \u00e1cido oleico (?9) e 60% de \u00e1cido alfa-linol\u00e9nico (?3) torna-se um produto adequado para o cuidado da pele sens\u00edvel, seca, com descama\u00e7\u00e3o e tend\u00eancia a alergias. &nbsp;<\/div>\n","protected":false},"featured_media":11864,"comment_status":"open","ping_status":"closed","template":"","meta":{"_acf_changed":false,"rs_blank_template":"","rs_page_bg_color":"","slide_template_v7":""},"product_brand":[],"product_cat":[308,311],"product_tag":[],"class_list":{"0":"post-11863","1":"product","2":"type-product","3":"status-publish","4":"has-post-thumbnail","6":"product_cat-aromaterapia","7":"product_cat-oleos-vegetais","9":"first","10":"instock","11":"shipping-taxable","12":"purchasable","13":"product-type-simple"},"acf":[],"_links":{"self":[{"href":"https:\/\/esentialaroms.com\/pt-pt\/wp-json\/wp\/v2\/product\/11863","targetHints":{"allow":["GET"]}}],"collection":[{"href":"https:\/\/esentialaroms.com\/pt-pt\/wp-json\/wp\/v2\/product"}],"about":[{"href":"https:\/\/esentialaroms.com\/pt-pt\/wp-json\/wp\/v2\/types\/product"}],"replies":[{"embeddable":true,"href":"https:\/\/esentialaroms.com\/pt-pt\/wp-json\/wp\/v2\/comments?post=11863"}],"version-history":[{"count":1,"href":"https:\/\/esentialaroms.com\/pt-pt\/wp-json\/wp\/v2\/product\/11863\/revisions"}],"predecessor-version":[{"id":11865,"href":"https:\/\/esentialaroms.com\/pt-pt\/wp-json\/wp\/v2\/product\/11863\/revisions\/11865"}],"wp:featuredmedia":[{"embeddable":true,"href":"https:\/\/esentialaroms.com\/pt-pt\/wp-json\/wp\/v2\/media\/11864"}],"wp:attachment":[{"href":"https:\/\/esentialaroms.com\/pt-pt\/wp-json\/wp\/v2\/media?parent=11863"}],"wp:term":[{"taxonomy":"product_brand","embeddable":true,"href":"https:\/\/esentialaroms.com\/pt-pt\/wp-json\/wp\/v2\/product_brand?post=11863"},{"taxonomy":"product_cat","embeddable":true,"href":"https:\/\/esentialaroms.com\/pt-pt\/wp-json\/wp\/v2\/product_cat?post=11863"},{"taxonomy":"product_tag","embeddable":true,"href":"https:\/\/esentialaroms.com\/pt-pt\/wp-json\/wp\/v2\/product_tag?post=11863"}],"curies":[{"name":"wp","href":"https:\/\/api.w.org\/{rel}","templated":true}]}}