{"id":11819,"date":"2026-05-07T12:46:36","date_gmt":"2026-05-07T10:46:36","guid":{"rendered":"https:\/\/esentialaroms.com\/productos\/aceite-vegetal-virgen-de-germen-de-trigo-triticum-vulgare-500-ml-2\/"},"modified":"2026-05-07T14:21:54","modified_gmt":"2026-05-07T12:21:54","slug":"aceite-vegetal-virgen-de-germen-de-trigo-triticum-vulgare-500-ml-2","status":"publish","type":"product","link":"https:\/\/esentialaroms.com\/pt-pt\/productos\/aceite-vegetal-virgen-de-germen-de-trigo-triticum-vulgare-500-ml-2\/","title":{"rendered":"\u00d3leo vegetal virgem de GERME DE TRIGO (Triticum vulgare) 500 ml"},"content":{"rendered":"","protected":false},"excerpt":{"rendered":"<div>Suplemento alimentar a base de \u00f3leo de germe de trigo. Fonte de a-tocoferol. &nbsp;<\/div>\n<div>Devido \u00e0 sua composi\u00e7\u00e3o em \u00e1cidos gordos de aproximadamente 64% de \u00e1cido linoleico (?6), 12% de \u00e1cido oleico (?9) e 7% de \u00e1cido a-linol\u00e9nico (?3) e pelo seu conte\u00fado em a-tocoferol (forma de vitamina Enatural) torna-se um produto ade-quado para o cuidado da pele madura, prematuramente envelhecida e pele de pessoas fumadoras. &nbsp;<\/div>\n","protected":false},"featured_media":11820,"comment_status":"open","ping_status":"closed","template":"","meta":{"_acf_changed":false,"rs_blank_template":"","rs_page_bg_color":"","slide_template_v7":""},"product_brand":[],"product_cat":[308,311],"product_tag":[],"class_list":{"0":"post-11819","1":"product","2":"type-product","3":"status-publish","4":"has-post-thumbnail","6":"product_cat-aromaterapia","7":"product_cat-oleos-vegetais","9":"first","10":"instock","11":"shipping-taxable","12":"purchasable","13":"product-type-simple"},"acf":[],"_links":{"self":[{"href":"https:\/\/esentialaroms.com\/pt-pt\/wp-json\/wp\/v2\/product\/11819","targetHints":{"allow":["GET"]}}],"collection":[{"href":"https:\/\/esentialaroms.com\/pt-pt\/wp-json\/wp\/v2\/product"}],"about":[{"href":"https:\/\/esentialaroms.com\/pt-pt\/wp-json\/wp\/v2\/types\/product"}],"replies":[{"embeddable":true,"href":"https:\/\/esentialaroms.com\/pt-pt\/wp-json\/wp\/v2\/comments?post=11819"}],"version-history":[{"count":1,"href":"https:\/\/esentialaroms.com\/pt-pt\/wp-json\/wp\/v2\/product\/11819\/revisions"}],"predecessor-version":[{"id":11821,"href":"https:\/\/esentialaroms.com\/pt-pt\/wp-json\/wp\/v2\/product\/11819\/revisions\/11821"}],"wp:featuredmedia":[{"embeddable":true,"href":"https:\/\/esentialaroms.com\/pt-pt\/wp-json\/wp\/v2\/media\/11820"}],"wp:attachment":[{"href":"https:\/\/esentialaroms.com\/pt-pt\/wp-json\/wp\/v2\/media?parent=11819"}],"wp:term":[{"taxonomy":"product_brand","embeddable":true,"href":"https:\/\/esentialaroms.com\/pt-pt\/wp-json\/wp\/v2\/product_brand?post=11819"},{"taxonomy":"product_cat","embeddable":true,"href":"https:\/\/esentialaroms.com\/pt-pt\/wp-json\/wp\/v2\/product_cat?post=11819"},{"taxonomy":"product_tag","embeddable":true,"href":"https:\/\/esentialaroms.com\/pt-pt\/wp-json\/wp\/v2\/product_tag?post=11819"}],"curies":[{"name":"wp","href":"https:\/\/api.w.org\/{rel}","templated":true}]}}