{"id":11808,"date":"2026-05-07T12:46:33","date_gmt":"2026-05-07T10:46:33","guid":{"rendered":"https:\/\/esentialaroms.com\/productos\/aceite-vegetal-virgen-de-jojoba-simmondsia-chinensis-500-ml-2\/"},"modified":"2026-05-07T14:21:54","modified_gmt":"2026-05-07T12:21:54","slug":"aceite-vegetal-virgen-de-jojoba-simmondsia-chinensis-500-ml-2","status":"publish","type":"product","link":"https:\/\/esentialaroms.com\/pt-pt\/productos\/aceite-vegetal-virgen-de-jojoba-simmondsia-chinensis-500-ml-2\/","title":{"rendered":"\u00d3leo vegetal virgem de JOJOBA (Simmondsia chinensis) 500 ml"},"content":{"rendered":"","protected":false},"excerpt":{"rendered":"<div>Para todo o tipo de pele. Adequado para peles oleosas e com acne. Hidrata e nutre as peles mais secas, com perda de manto hidrolip\u00eddico, proporcionando ceramidas vegetais, que ajudam a recuperar densidade e a combater a secura cut\u00e2nea. Pode ser utilizado para o cuidado de \u00e1reas especialmente secas: calcanhares, cotovelos, etc. &nbsp;<\/div>\n","protected":false},"featured_media":11809,"comment_status":"open","ping_status":"closed","template":"","meta":{"_acf_changed":false,"rs_blank_template":"","rs_page_bg_color":"","slide_template_v7":""},"product_brand":[],"product_cat":[308,498,495,311,341],"product_tag":[],"class_list":{"0":"post-11808","1":"product","2":"type-product","3":"status-publish","4":"has-post-thumbnail","6":"product_cat-aromaterapia","7":"product_cat-cabelo-e-couro-cabeludo","8":"product_cat-capilar","9":"product_cat-oleos-vegetais","10":"product_cat-precisa","12":"first","13":"instock","14":"shipping-taxable","15":"purchasable","16":"product-type-simple"},"acf":[],"_links":{"self":[{"href":"https:\/\/esentialaroms.com\/pt-pt\/wp-json\/wp\/v2\/product\/11808","targetHints":{"allow":["GET"]}}],"collection":[{"href":"https:\/\/esentialaroms.com\/pt-pt\/wp-json\/wp\/v2\/product"}],"about":[{"href":"https:\/\/esentialaroms.com\/pt-pt\/wp-json\/wp\/v2\/types\/product"}],"replies":[{"embeddable":true,"href":"https:\/\/esentialaroms.com\/pt-pt\/wp-json\/wp\/v2\/comments?post=11808"}],"version-history":[{"count":1,"href":"https:\/\/esentialaroms.com\/pt-pt\/wp-json\/wp\/v2\/product\/11808\/revisions"}],"predecessor-version":[{"id":11810,"href":"https:\/\/esentialaroms.com\/pt-pt\/wp-json\/wp\/v2\/product\/11808\/revisions\/11810"}],"wp:featuredmedia":[{"embeddable":true,"href":"https:\/\/esentialaroms.com\/pt-pt\/wp-json\/wp\/v2\/media\/11809"}],"wp:attachment":[{"href":"https:\/\/esentialaroms.com\/pt-pt\/wp-json\/wp\/v2\/media?parent=11808"}],"wp:term":[{"taxonomy":"product_brand","embeddable":true,"href":"https:\/\/esentialaroms.com\/pt-pt\/wp-json\/wp\/v2\/product_brand?post=11808"},{"taxonomy":"product_cat","embeddable":true,"href":"https:\/\/esentialaroms.com\/pt-pt\/wp-json\/wp\/v2\/product_cat?post=11808"},{"taxonomy":"product_tag","embeddable":true,"href":"https:\/\/esentialaroms.com\/pt-pt\/wp-json\/wp\/v2\/product_tag?post=11808"}],"curies":[{"name":"wp","href":"https:\/\/api.w.org\/{rel}","templated":true}]}}